{"id":6662,"date":"2022-05-10T07:56:06","date_gmt":"2022-05-10T07:56:06","guid":{"rendered":"https:\/\/bati-al.fr\/?page_id=6662"},"modified":"2025-06-05T09:16:42","modified_gmt":"2025-06-05T09:16:42","slug":"garde-corps-en-verre-haut-de-gamme-quartier-du-nord","status":"publish","type":"page","link":"http:\/\/bati-al.fr\/es\/garde-corps-en-verre-haut-de-gamme-quartier-du-nord\/","title":{"rendered":"Balaustrada de cristal de alta calidad Quartier du Nord"},"content":{"rendered":"<div data-colibri-id=\"6662-c1\" class=\"style-3667 style-local-6662-c1 position-relative\">\n  <!---->\n  <div data-colibri-component=\"section\" data-colibri-id=\"6662-c2\" id=\"photo-gallery\" class=\"h-section h-section-global-spacing d-flex align-items-lg-center align-items-md-center align-items-center style-3668 style-local-6662-c2 position-relative\">\n    <!---->\n    <!---->\n    <div class=\"h-section-grid-container h-section-boxed-container\">\n      <!---->\n      <div data-colibri-id=\"6662-c3\" class=\"h-row-container gutters-row-lg-2 gutters-row-md-2 gutters-row-2 gutters-row-v-lg-2 gutters-row-v-md-2 gutters-row-v-2 style-3669 style-local-6662-c3 position-relative\">\n        <!---->\n        <div class=\"h-row justify-content-lg-center justify-content-md-center justify-content-center align-items-lg-stretch align-items-md-stretch align-items-stretch gutters-col-lg-2 gutters-col-md-2 gutters-col-2 gutters-col-v-lg-2 gutters-col-v-md-2 gutters-col-v-2\">\n          <!---->\n          <div class=\"h-column h-column-container d-flex h-col-lg-auto h-col-md-auto h-col-auto style-3670-outer style-local-6662-c4-outer\">\n            <div data-colibri-id=\"6662-c4\" class=\"d-flex h-flex-basis h-column__inner h-px-lg-2 h-px-md-2 h-px-2 v-inner-lg-2 v-inner-md-2 v-inner-2 style-3670 style-local-6662-c4 position-relative\">\n              <!---->\n              <!---->\n              <div class=\"w-100 h-y-container h-column__content h-column__v-align flex-basis-100 align-self-lg-start align-self-md-start align-self-start\">\n                <!---->\n                <div data-colibri-component=\"masonry\" data-colibri-id=\"6662-c5\" class=\"h-photo-gallery margin-none caption-none style-3671 style-local-6662-c5 position-relative h-element\">\n                  <!---->\n                  <div class=\"h-global-transition-all caption-wrapper-full\"><div id='colibri-6662-c5' class='gallery-wrapper'>    <style type=\"text\/css\">\n\n        @media (min-width: 1023px) {        #colibri-6662-c5        dl {\n            float: left;\n            width: 33.333333333333% !important;\n            max-width: 33.333333333333% !important;\n            min-width: 33.333333333333% !important;\n        }\n\n        #colibri-6662-c5        dl:nth-of-type(3n +1 ) {\n            clear: both;\n        }\n\n        }@media (min-width: 768px) and (max-width: 1023px) {        #colibri-6662-c5        dl {\n            float: left;\n            width: 33.333333333333% !important;\n            max-width: 33.333333333333% !important;\n            min-width: 33.333333333333% !important;\n        }\n\n        #colibri-6662-c5        dl:nth-of-type(3n +1 ) {\n            clear: both;\n        }\n\n        }@media (max-width: 767px) {        #colibri-6662-c5        dl {\n            float: left;\n            width: 50% !important;\n            max-width: 50% !important;\n            min-width: 50% !important;\n        }\n\n        #colibri-6662-c5        dl:nth-of-type(2n +1 ) {\n            clear: both;\n        }\n\n        }\n        #colibri-6662-c5        .gallery-item {\n            position: relative;\n        }\n\n        \n    <\/style>\n    <div   class='colibri-6662-c5-dls-wrapper gallery-items-wrapper' ><dl class='gallery-item masonry-item'>\n\t\t\t<dt class='gallery-icon landscape'>\n\t\t\t\t<a data-fancybox=\"colibri-6662-c5-group\" href='https:\/\/bati-al.fr\/wp-content\/uploads\/2025\/06\/1741860998449-1.jpg'><img loading=\"lazy\" decoding=\"async\"  width=\"2048\" height=\"1152\" src=\"https:\/\/bati-al.fr\/wp-content\/uploads\/2025\/06\/1741860998449-1.jpg\"  class='colibri-6662-c5-image' alt=\"\" srcset=\"https:\/\/bati-al.fr\/wp-content\/uploads\/2025\/06\/1741860998449-1.jpg 2048w, https:\/\/bati-al.fr\/wp-content\/uploads\/2025\/06\/1741860998449-1-300x169.jpg 300w, https:\/\/bati-al.fr\/wp-content\/uploads\/2025\/06\/1741860998449-1-1024x576.jpg 1024w, https:\/\/bati-al.fr\/wp-content\/uploads\/2025\/06\/1741860998449-1-768x432.jpg 768w, https:\/\/bati-al.fr\/wp-content\/uploads\/2025\/06\/1741860998449-1-1536x864.jpg 1536w, https:\/\/bati-al.fr\/wp-content\/uploads\/2025\/06\/1741860998449-1-18x10.jpg 18w\" sizes=\"auto, (max-width: 2048px) 100vw, 2048px\" \/><\/a>\n\t\t\t<\/dt><\/dl><dl class='gallery-item masonry-item'>\n\t\t\t<dt class='gallery-icon portrait'>\n\t\t\t\t<a data-fancybox=\"colibri-6662-c5-group\" href='https:\/\/bati-al.fr\/wp-content\/uploads\/2025\/06\/1741860999513.jpg'><img loading=\"lazy\" decoding=\"async\"  width=\"1280\" height=\"1809\" src=\"https:\/\/bati-al.fr\/wp-content\/uploads\/2025\/06\/1741860999513.jpg\"  class='colibri-6662-c5-image' alt=\"\" srcset=\"https:\/\/bati-al.fr\/wp-content\/uploads\/2025\/06\/1741860999513.jpg 1280w, https:\/\/bati-al.fr\/wp-content\/uploads\/2025\/06\/1741860999513-212x300.jpg 212w, https:\/\/bati-al.fr\/wp-content\/uploads\/2025\/06\/1741860999513-725x1024.jpg 725w, https:\/\/bati-al.fr\/wp-content\/uploads\/2025\/06\/1741860999513-768x1085.jpg 768w, https:\/\/bati-al.fr\/wp-content\/uploads\/2025\/06\/1741860999513-1087x1536.jpg 1087w, https:\/\/bati-al.fr\/wp-content\/uploads\/2025\/06\/1741860999513-8x12.jpg 8w\" sizes=\"auto, (max-width: 1280px) 100vw, 1280px\" \/><\/a>\n\t\t\t<\/dt><\/dl><dl class='gallery-item masonry-item'>\n\t\t\t<dt class='gallery-icon portrait'>\n\t\t\t\t<a data-fancybox=\"colibri-6662-c5-group\" href='https:\/\/bati-al.fr\/wp-content\/uploads\/2025\/06\/1741860998807.jpg'><img loading=\"lazy\" decoding=\"async\"  width=\"1280\" height=\"1810\" src=\"https:\/\/bati-al.fr\/wp-content\/uploads\/2025\/06\/1741860998807.jpg\"  class='colibri-6662-c5-image' alt=\"\" srcset=\"https:\/\/bati-al.fr\/wp-content\/uploads\/2025\/06\/1741860998807.jpg 1280w, https:\/\/bati-al.fr\/wp-content\/uploads\/2025\/06\/1741860998807-212x300.jpg 212w, https:\/\/bati-al.fr\/wp-content\/uploads\/2025\/06\/1741860998807-724x1024.jpg 724w, https:\/\/bati-al.fr\/wp-content\/uploads\/2025\/06\/1741860998807-768x1086.jpg 768w, https:\/\/bati-al.fr\/wp-content\/uploads\/2025\/06\/1741860998807-1086x1536.jpg 1086w, https:\/\/bati-al.fr\/wp-content\/uploads\/2025\/06\/1741860998807-8x12.jpg 8w\" sizes=\"auto, (max-width: 1280px) 100vw, 1280px\" \/><\/a>\n\t\t\t<\/dt><\/dl>\n\t\t\t\n\t\t<\/div>\n<style>#colibri-6662-c5 .wp-caption-text.gallery-caption{display:none;}<\/style><\/div><\/div>\n                <\/div>\n              <\/div>\n            <\/div>\n          <\/div>\n        <\/div>\n      <\/div>\n    <\/div>\n  <\/div>\n  <div data-colibri-component=\"section\" data-colibri-id=\"6662-c6\" id=\"custom\" class=\"h-section h-section-global-spacing d-flex align-items-lg-center align-items-md-center align-items-center style-3672 style-local-6662-c6 position-relative\">\n    <!---->\n    <!---->\n    <div class=\"h-section-grid-container h-section-boxed-container\">\n      <!---->\n      <div data-colibri-id=\"6662-c7\" class=\"h-row-container gutters-row-lg-2 gutters-row-md-2 gutters-row-0 gutters-row-v-lg-2 gutters-row-v-md-2 gutters-row-v-2 style-3673 style-local-6662-c7 position-relative\">\n        <!---->\n        <div class=\"h-row justify-content-lg-center justify-content-md-center justify-content-center align-items-lg-stretch align-items-md-stretch align-items-stretch gutters-col-lg-2 gutters-col-md-2 gutters-col-0 gutters-col-v-lg-2 gutters-col-v-md-2 gutters-col-v-2\">\n          <!---->\n          <div class=\"h-column h-column-container d-flex h-col-lg-auto h-col-md-auto h-col-auto style-3674-outer style-local-6662-c8-outer\">\n            <div data-colibri-id=\"6662-c8\" class=\"d-flex h-flex-basis h-column__inner h-px-lg-2 h-px-md-2 h-px-2 v-inner-lg-2 v-inner-md-2 v-inner-2 style-3674 style-local-6662-c8 position-relative\">\n              <!---->\n              <!---->\n              <div class=\"w-100 h-y-container h-column__content h-column__v-align flex-basis-100 align-self-lg-start align-self-md-start align-self-start\">\n                <!---->\n                <div data-colibri-id=\"6662-c9\" class=\"h-text h-text-component style-3675 style-local-6662-c9 position-relative h-element\">\n                  <!---->\n                  <!---->\n                  <div class=\"\">\n                    <h4><span style=\"color: rgb(0, 0, 0);\">Balaustrada de cristal de alta calidad Quartier du Nord<\/span><\/h4>\n                    <p><strong style=\"color: rgb(0, 0, 0);\">Descripci\u00f3n<\/strong><span style=\"color: rgb(0, 0, 0);\">Para el proyecto del Quartier du Nord, dise\u00f1amos una balaustrada de vidrio que combina transparencia, seguridad y est\u00e9tica minimalista. El sistema CORTIZO VIEW CRYSTAL, con su perfil bajo de aluminio y su vidrio laminado templado, ofrece un acabado de alta gama y duradero. Una soluci\u00f3n ideal para espacios modernos, probada y validada mediante prototipo.<\/span><\/p>\n                    <p><strong style=\"font-weight: 700; color: rgb(0, 0, 0);\">Estado del proyecto :<\/strong><span style=\"color: rgb(0, 0, 0);\">&nbsp;En curso<\/span><\/p>\n                  <\/div>\n                <\/div>\n              <\/div>\n            <\/div>\n          <\/div>\n        <\/div>\n      <\/div>\n    <\/div>\n  <\/div>\n<\/div>","protected":false},"excerpt":{"rendered":"<p>Garde-corps en verre haut de gamme Quartier du Nord Description: Pour le projet Quartier du Nord, nous avons con\u00e7u un garde-corps en verre alliant transparence, s\u00e9curit\u00e9 et esth\u00e9tique minimaliste. Le syst\u00e8me CORTIZO VIEW CRYSTAL, avec son profil bas en aluminium et verre feuillet\u00e9 tremp\u00e9, offre une finition haut de gamme et durable. Une solution id\u00e9ale [&hellip;]<\/p>\n","protected":false},"author":1,"featured_media":0,"parent":0,"menu_order":0,"comment_status":"closed","ping_status":"closed","template":"page-templates\/full-width-page.php","meta":{"footnotes":""},"class_list":["post-6662","page","type-page","status-publish","hentry"],"_links":{"self":[{"href":"http:\/\/bati-al.fr\/es\/wp-json\/wp\/v2\/pages\/6662","targetHints":{"allow":["GET"]}}],"collection":[{"href":"http:\/\/bati-al.fr\/es\/wp-json\/wp\/v2\/pages"}],"about":[{"href":"http:\/\/bati-al.fr\/es\/wp-json\/wp\/v2\/types\/page"}],"author":[{"embeddable":true,"href":"http:\/\/bati-al.fr\/es\/wp-json\/wp\/v2\/users\/1"}],"replies":[{"embeddable":true,"href":"http:\/\/bati-al.fr\/es\/wp-json\/wp\/v2\/comments?post=6662"}],"version-history":[{"count":0,"href":"http:\/\/bati-al.fr\/es\/wp-json\/wp\/v2\/pages\/6662\/revisions"}],"wp:attachment":[{"href":"http:\/\/bati-al.fr\/es\/wp-json\/wp\/v2\/media?parent=6662"}],"curies":[{"name":"wp","href":"https:\/\/api.w.org\/{rel}","templated":true}]}}