{"id":6357,"date":"2022-05-10T07:56:06","date_gmt":"2022-05-10T07:56:06","guid":{"rendered":"https:\/\/bati-al.fr\/?page_id=6357"},"modified":"2025-06-05T08:17:13","modified_gmt":"2025-06-05T08:17:13","slug":"amelioration-thermique-dune-veranda","status":"publish","type":"page","link":"http:\/\/bati-al.fr\/it\/amelioration-thermique-dune-veranda\/","title":{"rendered":"Miglioramento termico di un giardino d'inverno"},"content":{"rendered":"<div data-colibri-id=\"6357-c1\" class=\"style-3598 style-local-6357-c1 position-relative\">\n  <!---->\n  <div data-colibri-component=\"section\" data-colibri-id=\"6357-c2\" id=\"photo-gallery\" class=\"h-section h-section-global-spacing d-flex align-items-lg-center align-items-md-center align-items-center style-3599 style-local-6357-c2 position-relative\">\n    <!---->\n    <!---->\n    <div class=\"h-section-grid-container h-section-boxed-container\">\n      <!---->\n      <div data-colibri-id=\"6357-c3\" class=\"h-row-container gutters-row-lg-2 gutters-row-md-2 gutters-row-2 gutters-row-v-lg-2 gutters-row-v-md-2 gutters-row-v-2 style-3600 style-local-6357-c3 position-relative\">\n        <!---->\n        <div class=\"h-row justify-content-lg-center justify-content-md-center justify-content-center align-items-lg-stretch align-items-md-stretch align-items-stretch gutters-col-lg-2 gutters-col-md-2 gutters-col-2 gutters-col-v-lg-2 gutters-col-v-md-2 gutters-col-v-2\">\n          <!---->\n          <div class=\"h-column h-column-container d-flex h-col-lg-auto h-col-md-auto h-col-auto style-3601-outer style-local-6357-c4-outer\">\n            <div data-colibri-id=\"6357-c4\" class=\"d-flex h-flex-basis h-column__inner h-px-lg-2 h-px-md-2 h-px-2 v-inner-lg-2 v-inner-md-2 v-inner-2 style-3601 style-local-6357-c4 position-relative\">\n              <!---->\n              <!---->\n              <div class=\"w-100 h-y-container h-column__content h-column__v-align flex-basis-100 align-self-lg-start align-self-md-start align-self-start\">\n                <!---->\n                <div data-colibri-component=\"masonry\" data-colibri-id=\"6357-c5\" class=\"h-photo-gallery margin-none caption-none style-3602 style-local-6357-c5 position-relative h-element\">\n                  <!---->\n                  <div class=\"h-global-transition-all caption-wrapper-full\"><div id='colibri-6357-c5' class='gallery-wrapper'>    <style type=\"text\/css\">\n\n        @media (min-width: 1023px) {        #colibri-6357-c5        dl {\n            float: left;\n            width: 33.333333333333% !important;\n            max-width: 33.333333333333% !important;\n            min-width: 33.333333333333% !important;\n        }\n\n        #colibri-6357-c5        dl:nth-of-type(3n +1 ) {\n            clear: both;\n        }\n\n        }@media (min-width: 768px) and (max-width: 1023px) {        #colibri-6357-c5        dl {\n            float: left;\n            width: 33.333333333333% !important;\n            max-width: 33.333333333333% !important;\n            min-width: 33.333333333333% !important;\n        }\n\n        #colibri-6357-c5        dl:nth-of-type(3n +1 ) {\n            clear: both;\n        }\n\n        }@media (max-width: 767px) {        #colibri-6357-c5        dl {\n            float: left;\n            width: 50% !important;\n            max-width: 50% !important;\n            min-width: 50% !important;\n        }\n\n        #colibri-6357-c5        dl:nth-of-type(2n +1 ) {\n            clear: both;\n        }\n\n        }\n        #colibri-6357-c5        .gallery-item {\n            position: relative;\n        }\n\n        \n    <\/style>\n    <div   class='colibri-6357-c5-dls-wrapper gallery-items-wrapper' ><dl class='gallery-item masonry-item'>\n\t\t\t<dt class='gallery-icon portrait'>\n\t\t\t\t<a data-fancybox=\"colibri-6357-c5-group\" href='https:\/\/bati-al.fr\/wp-content\/uploads\/2025\/06\/1747301464855-1.jpg'><img loading=\"lazy\" decoding=\"async\"  width=\"1200\" height=\"1600\" src=\"https:\/\/bati-al.fr\/wp-content\/uploads\/2025\/06\/1747301464855-1.jpg\"  class='colibri-6357-c5-image' alt=\"\" srcset=\"https:\/\/bati-al.fr\/wp-content\/uploads\/2025\/06\/1747301464855-1.jpg 1200w, https:\/\/bati-al.fr\/wp-content\/uploads\/2025\/06\/1747301464855-1-225x300.jpg 225w, https:\/\/bati-al.fr\/wp-content\/uploads\/2025\/06\/1747301464855-1-768x1024.jpg 768w, https:\/\/bati-al.fr\/wp-content\/uploads\/2025\/06\/1747301464855-1-1152x1536.jpg 1152w, https:\/\/bati-al.fr\/wp-content\/uploads\/2025\/06\/1747301464855-1-9x12.jpg 9w\" sizes=\"auto, (max-width: 1200px) 100vw, 1200px\" \/><\/a>\n\t\t\t<\/dt><\/dl><dl class='gallery-item masonry-item'>\n\t\t\t<dt class='gallery-icon landscape'>\n\t\t\t\t<a data-fancybox=\"colibri-6357-c5-group\" href='https:\/\/bati-al.fr\/wp-content\/uploads\/2025\/06\/1747301465061.jpg'><img loading=\"lazy\" decoding=\"async\"  width=\"1600\" height=\"1200\" src=\"https:\/\/bati-al.fr\/wp-content\/uploads\/2025\/06\/1747301465061.jpg\"  class='colibri-6357-c5-image' alt=\"\" srcset=\"https:\/\/bati-al.fr\/wp-content\/uploads\/2025\/06\/1747301465061.jpg 1600w, https:\/\/bati-al.fr\/wp-content\/uploads\/2025\/06\/1747301465061-300x225.jpg 300w, https:\/\/bati-al.fr\/wp-content\/uploads\/2025\/06\/1747301465061-1024x768.jpg 1024w, https:\/\/bati-al.fr\/wp-content\/uploads\/2025\/06\/1747301465061-768x576.jpg 768w, https:\/\/bati-al.fr\/wp-content\/uploads\/2025\/06\/1747301465061-1536x1152.jpg 1536w, https:\/\/bati-al.fr\/wp-content\/uploads\/2025\/06\/1747301465061-16x12.jpg 16w\" sizes=\"auto, (max-width: 1600px) 100vw, 1600px\" \/><\/a>\n\t\t\t<\/dt><\/dl><dl class='gallery-item masonry-item'>\n\t\t\t<dt class='gallery-icon portrait'>\n\t\t\t\t<a data-fancybox=\"colibri-6357-c5-group\" href='https:\/\/bati-al.fr\/wp-content\/uploads\/2025\/06\/1747301464961.jpg'><img loading=\"lazy\" decoding=\"async\"  width=\"1200\" height=\"1600\" src=\"https:\/\/bati-al.fr\/wp-content\/uploads\/2025\/06\/1747301464961.jpg\"  class='colibri-6357-c5-image' alt=\"\" srcset=\"https:\/\/bati-al.fr\/wp-content\/uploads\/2025\/06\/1747301464961.jpg 1200w, https:\/\/bati-al.fr\/wp-content\/uploads\/2025\/06\/1747301464961-225x300.jpg 225w, https:\/\/bati-al.fr\/wp-content\/uploads\/2025\/06\/1747301464961-768x1024.jpg 768w, https:\/\/bati-al.fr\/wp-content\/uploads\/2025\/06\/1747301464961-1152x1536.jpg 1152w, https:\/\/bati-al.fr\/wp-content\/uploads\/2025\/06\/1747301464961-9x12.jpg 9w\" sizes=\"auto, (max-width: 1200px) 100vw, 1200px\" \/><\/a>\n\t\t\t<\/dt><\/dl><dl class='gallery-item masonry-item'>\n\t\t\t<dt class='gallery-icon landscape'>\n\t\t\t\t<a data-fancybox=\"colibri-6357-c5-group\" href='https:\/\/bati-al.fr\/wp-content\/uploads\/2025\/06\/1747301465034.jpg'><img loading=\"lazy\" decoding=\"async\"  width=\"1600\" height=\"1203\" src=\"https:\/\/bati-al.fr\/wp-content\/uploads\/2025\/06\/1747301465034.jpg\"  class='colibri-6357-c5-image' alt=\"\" srcset=\"https:\/\/bati-al.fr\/wp-content\/uploads\/2025\/06\/1747301465034.jpg 1600w, https:\/\/bati-al.fr\/wp-content\/uploads\/2025\/06\/1747301465034-300x226.jpg 300w, https:\/\/bati-al.fr\/wp-content\/uploads\/2025\/06\/1747301465034-1024x770.jpg 1024w, https:\/\/bati-al.fr\/wp-content\/uploads\/2025\/06\/1747301465034-768x577.jpg 768w, https:\/\/bati-al.fr\/wp-content\/uploads\/2025\/06\/1747301465034-1536x1155.jpg 1536w, https:\/\/bati-al.fr\/wp-content\/uploads\/2025\/06\/1747301465034-16x12.jpg 16w\" sizes=\"auto, (max-width: 1600px) 100vw, 1600px\" \/><\/a>\n\t\t\t<\/dt><\/dl>\n\t\t<\/div>\n<style>#colibri-6357-c5 .wp-caption-text.gallery-caption{display:none;}<\/style><\/div><\/div>\n                <\/div>\n              <\/div>\n            <\/div>\n          <\/div>\n        <\/div>\n      <\/div>\n    <\/div>\n  <\/div>\n  <div data-colibri-component=\"section\" data-colibri-id=\"6357-c6\" id=\"custom\" class=\"h-section h-section-global-spacing d-flex align-items-lg-center align-items-md-center align-items-center style-3603 style-local-6357-c6 position-relative\">\n    <!---->\n    <!---->\n    <div class=\"h-section-grid-container h-section-boxed-container\">\n      <!---->\n      <div data-colibri-id=\"6357-c7\" class=\"h-row-container gutters-row-lg-2 gutters-row-md-2 gutters-row-0 gutters-row-v-lg-2 gutters-row-v-md-2 gutters-row-v-2 style-3604 style-local-6357-c7 position-relative\">\n        <!---->\n        <div class=\"h-row justify-content-lg-center justify-content-md-center justify-content-center align-items-lg-stretch align-items-md-stretch align-items-stretch gutters-col-lg-2 gutters-col-md-2 gutters-col-0 gutters-col-v-lg-2 gutters-col-v-md-2 gutters-col-v-2\">\n          <!---->\n          <div class=\"h-column h-column-container d-flex h-col-lg-auto h-col-md-auto h-col-auto style-3605-outer style-local-6357-c8-outer\">\n            <div data-colibri-id=\"6357-c8\" class=\"d-flex h-flex-basis h-column__inner h-px-lg-2 h-px-md-2 h-px-2 v-inner-lg-2 v-inner-md-2 v-inner-2 style-3605 style-local-6357-c8 position-relative\">\n              <!---->\n              <!---->\n              <div class=\"w-100 h-y-container h-column__content h-column__v-align flex-basis-100 align-self-lg-start align-self-md-start align-self-start\">\n                <!---->\n                <div data-colibri-id=\"6357-c9\" class=\"h-text h-text-component style-3606 style-local-6357-c9 position-relative h-element\">\n                  <!---->\n                  <!---->\n                  <div class=\"\">\n                    <h4><span style=\"color: rgb(0, 0, 0);\">Miglioramento termico di un giardino d'inverno<\/span><\/h4>\n                    <p><strong style=\"color: rgb(0, 0, 0);\">Descrizione<\/strong><span style=\"color: rgb(0, 0, 0);\">In questo progetto, abbiamo sostituito i vetri non isolati termicamente con una soluzione ad alte prestazioni, trasformando una scomoda veranda in uno spazio piacevole tutto l'anno. La struttura originale \u00e8 stata conservata nella sua interezza, preservando il fascino e l'estetica dell'edificio. Le nuove vetrate combinano isolamento termico ed eleganza, offrendo un comfort duraturo senza compromessi. Un intervento discreto, ma con un impatto significativo sulle prestazioni energetiche e sulla qualit\u00e0 della vita.<\/span><\/p>\n                    <p><strong style=\"color: rgb(0, 0, 0); font-weight: 700;\">Stato del progetto :<\/strong><span style=\"color: rgb(0, 0, 0);\">&nbsp;<\/span><span style=\"color: rgb(0, 0, 0);\">Finalizzato<\/span><\/p>\n                  <\/div>\n                <\/div>\n              <\/div>\n            <\/div>\n          <\/div>\n        <\/div>\n      <\/div>\n    <\/div>\n  <\/div>\n<\/div>","protected":false},"excerpt":{"rendered":"<p>Am\u00e9lioration thermique d\u2019une v\u00e9randa Description: Dans ce projet, nous avons remplac\u00e9 un vitrage sans isolation thermique par une solution \u00e0 haute performance, transformant une v\u00e9randa inconfortable en un espace agr\u00e9able toute l\u2019ann\u00e9e. L\u2019ossature d\u2019origine a \u00e9t\u00e9 enti\u00e8rement conserv\u00e9e, pr\u00e9servant ainsi le charme et l\u2019esth\u00e9tique du b\u00e2timent. Le nouveau vitrage combine isolation thermique et \u00e9l\u00e9gance, offrant [&hellip;]<\/p>\n","protected":false},"author":1,"featured_media":0,"parent":0,"menu_order":0,"comment_status":"closed","ping_status":"closed","template":"page-templates\/full-width-page.php","meta":{"footnotes":""},"class_list":["post-6357","page","type-page","status-publish","hentry"],"_links":{"self":[{"href":"http:\/\/bati-al.fr\/it\/wp-json\/wp\/v2\/pages\/6357","targetHints":{"allow":["GET"]}}],"collection":[{"href":"http:\/\/bati-al.fr\/it\/wp-json\/wp\/v2\/pages"}],"about":[{"href":"http:\/\/bati-al.fr\/it\/wp-json\/wp\/v2\/types\/page"}],"author":[{"embeddable":true,"href":"http:\/\/bati-al.fr\/it\/wp-json\/wp\/v2\/users\/1"}],"replies":[{"embeddable":true,"href":"http:\/\/bati-al.fr\/it\/wp-json\/wp\/v2\/comments?post=6357"}],"version-history":[{"count":0,"href":"http:\/\/bati-al.fr\/it\/wp-json\/wp\/v2\/pages\/6357\/revisions"}],"wp:attachment":[{"href":"http:\/\/bati-al.fr\/it\/wp-json\/wp\/v2\/media?parent=6357"}],"curies":[{"name":"wp","href":"https:\/\/api.w.org\/{rel}","templated":true}]}}