{"id":2367,"date":"2022-03-26T12:05:17","date_gmt":"2022-03-26T12:05:17","guid":{"rendered":"https:\/\/bati-al.fr\/?page_id=2367"},"modified":"2022-09-26T08:58:48","modified_gmt":"2022-09-26T08:58:48","slug":"e45-2","status":"publish","type":"page","link":"https:\/\/bati-al.fr\/de\/e45-2\/","title":{"rendered":"E45"},"content":{"rendered":"<div data-colibri-id=\"2367-c1\" class=\"style-1705 style-local-2367-c1 position-relative\">\n  <!---->\n  <div data-colibri-component=\"section\" data-colibri-id=\"2367-c2\" id=\"reusable-sections\" class=\"h-section h-section-global-spacing d-flex align-items-lg-center align-items-md-center align-items-center style-1706 style-local-2367-c2 position-relative\">\n    <div class=\"background-wrapper\">\n      <div class=\"background-layer background-layer-media-container-lg\">\n        <!---->\n        <div class=\"overlay-layer\">\n          <div class=\"overlay-image-layer\" style=\"background-image: linear-gradient(90deg, rgba(255, 255, 255, 0.75) 0%, rgb(255, 255, 255) 90%);\"><\/div>\n        <\/div>\n      <\/div>\n      <div class=\"background-layer background-layer-media-container-md\">\n        <!---->\n        <div class=\"overlay-layer\">\n          <div class=\"overlay-image-layer\" style=\"background-image: linear-gradient(90deg, rgba(255, 255, 255, 0.75) 0%, rgb(255, 255, 255) 90%);\"><\/div>\n        <\/div>\n      <\/div>\n      <div class=\"background-layer background-layer-media-container\">\n        <!---->\n        <div class=\"overlay-layer\">\n          <div class=\"overlay-image-layer\" style=\"background-image: linear-gradient(90deg, rgba(255, 255, 255, 0.75) 0%, rgb(255, 255, 255) 90%);\"><\/div>\n        <\/div>\n      <\/div>\n    <\/div>\n    <!---->\n    <div class=\"h-section-grid-container h-section-boxed-container\">\n      <!---->\n      <div data-colibri-id=\"2367-c3\" class=\"h-row-container gutters-row-lg-2 gutters-row-md-2 gutters-row-2 gutters-row-v-lg-2 gutters-row-v-md-2 gutters-row-v-2 style-1707 style-local-2367-c3 position-relative\">\n        <!---->\n        <div class=\"h-row justify-content-lg-center justify-content-md-center justify-content-center align-items-lg-stretch align-items-md-stretch align-items-stretch gutters-col-lg-2 gutters-col-md-2 gutters-col-2 gutters-col-v-lg-2 gutters-col-v-md-2 gutters-col-v-2\">\n          <!---->\n          <div data-aos=\"fadeInLeft\" class=\"h-column h-column-container d-flex h-col-lg-auto h-col-md-auto h-col-auto style-1708-outer style-local-2367-c4-outer\">\n            <div data-colibri-id=\"2367-c4\" class=\"d-flex h-flex-basis h-column__inner h-px-lg-2 h-px-md-2 h-px-2 v-inner-lg-2 v-inner-md-2 v-inner-2 style-1708 style-local-2367-c4 position-relative\">\n              <!---->\n              <!---->\n              <div class=\"w-100 h-y-container h-column__content h-column__v-align flex-basis-100 align-self-lg-start align-self-md-start align-self-start\">\n                <!---->\n                <div data-colibri-id=\"2367-c5\" class=\"h-global-transition-all h-heading style-1709 style-local-2367-c5 position-relative h-element\">\n                  <!---->\n                  <div class=\"h-heading__outer style-1709 style-local-2367-c5\">\n                    <!---->\n                    <!---->\n                    <h3 class=\"\">ETEM E45<\/h3>\n                  <\/div>\n                <\/div>\n                <div data-colibri-id=\"2367-c6\" class=\"h-text h-text-component style-1710 style-local-2367-c6 position-relative h-element\">\n                  <!---->\n                  <!---->\n                  <div class=\"\">\n                    <p><strong style=\"color: rgb(7, 7, 7);\">Tiefe des Systems<\/strong><span style=\"color: rgb(7, 7, 7);\">&nbsp;60 mm\/ \/ 67.5mm<\/span><\/p>\n                    <p><strong style=\"color: rgb(7, 7, 7);\">Uf-Wert Rahmen \u2265 \u2265.<\/strong><span style=\"color: rgb(7, 7, 7);\">&nbsp;2.1 W\/(m\u00b2-K)<\/span><\/p>\n                    <p><strong style=\"color: rgb(7, 7, 7);\">Glas-\/Paneelst\u00e4rke max.<\/strong><span style=\"color: rgb(7, 7, 7);\">&nbsp;49 mm<\/span><\/p>\n                    <p><strong style=\"color: rgb(7, 7, 7);\">Min. H\u00f6he :&nbsp;<\/strong><span style=\"color: rgb(7, 7, 7);\">97.5 mm<\/span><\/p>\n                    <p><strong style=\"color: rgb(7, 7, 7);\">Max. Breite des Fl\u00fcgels<\/strong><span style=\"color: rgb(7, 7, 7);\">&nbsp;: 1600 x 1600 mm<\/span><\/p>\n                    <p><strong style=\"color: rgb(7, 7, 7);\">Max. H\u00f6he des Fl\u00fcgels<\/strong><span style=\"color: rgb(7, 7, 7);\">&nbsp;950 x 2300 mm<\/span><\/p>\n                    <p><strong style=\"color: rgb(7, 7, 7);\">Schallschutz RwP max.<\/strong><span style=\"color: rgb(7, 7, 7);\">&nbsp;42 dB(A)<\/span><\/p>\n                    <p><strong style=\"color: rgb(7, 7, 7);\">Luftdurchl\u00e4ssigkeit<\/strong><span style=\"color: rgb(7, 7, 7);\">&nbsp;Klasse 4<\/span><\/p>\n                    <p><strong style=\"color: rgb(7, 7, 7);\">Schlagregendichtheit<\/strong><span style=\"color: rgb(7, 7, 7);\">&nbsp;Klasse E1950<\/span><\/p>\n                    <p><strong style=\"color: rgb(7, 7, 7);\">Einbruchsschutz<\/strong><span style=\"color: rgb(7, 7, 7);\">&nbsp;Klasse WK2&nbsp;&nbsp;&nbsp;&nbsp;&nbsp;&nbsp;&nbsp;&nbsp;&nbsp;&nbsp;&nbsp;&nbsp;&nbsp;&nbsp;<\/span><\/p>\n                    <p><strong style=\"color: rgb(7, 7, 7);\">Widerstand gegen Windlasten<\/strong><span style=\"color: rgb(7, 7, 7);\">&nbsp;Klasse C5<\/span><\/p>\n                  <\/div>\n                <\/div>\n              <\/div>\n            <\/div>\n          <\/div>\n          <div class=\"h-column h-column-container d-flex h-col-lg-auto h-col-md-auto h-col-auto style-1711-outer style-local-2367-c7-outer\">\n            <div data-colibri-id=\"2367-c7\" class=\"d-flex h-flex-basis h-column__inner h-px-lg-0 h-px-md-0 h-px-0 v-inner-lg-0 v-inner-md-0 v-inner-0 style-1711 style-local-2367-c7 position-relative\">\n              <!---->\n              <!---->\n              <div class=\"w-100 h-y-container h-column__content h-column__v-align flex-basis-100 align-self-lg-start align-self-md-start align-self-start\">\n                <!---->\n                <div data-colibri-id=\"2367-c8\" data-aos=\"fadeInRight\" class=\"h-multiple-image style-1712 style-local-2367-c8 position-relative h-element\">\n                  <!---->\n                  <div class=\"position-relative\">\n                    <div class=\"h-multiple-image-inside-container\">\n                      <div class=\"ratio-inner\">\n                        <div data-colibri-id=\"2367-c9\" class=\"d-block style-1713 style-local-2367-c9 position-relative h-element\">\n                          <!---->\n                          <div class=\"h-image__frame-container-outer\">\n                            <div class=\"h-image__frame-container\">\n                              <!---->\n                              <!---->\n                              <img loading=\"lazy\" decoding=\"async\" width=\"1393\" height=\"985\" src=\"https:\/\/bati-al.fr\/wp-content\/uploads\/2022\/03\/E45.jpg\" class=\"style-1712-images style-local-2367-c8-images wp-image-2581 style-1713-image style-local-2367-c9-image\" alt=\"\" srcset=\"https:\/\/bati-al.fr\/wp-content\/uploads\/2022\/03\/E45.jpg 1393w, https:\/\/bati-al.fr\/wp-content\/uploads\/2022\/03\/E45-300x212.jpg 300w, https:\/\/bati-al.fr\/wp-content\/uploads\/2022\/03\/E45-1024x724.jpg 1024w, https:\/\/bati-al.fr\/wp-content\/uploads\/2022\/03\/E45-768x543.jpg 768w\" sizes=\"auto, (max-width: 1393px) 100vw, 1393px\" \/>\n                              <div class=\"h-image__frame h-hide-lg h-hide-md h-hide-sm style-1713-frameImage style-local-2367-c9-frameImage\"><\/div>\n                            <\/div>\n                          <\/div>\n                        <\/div>\n                        <div data-colibri-id=\"2367-c10\" class=\"d-block style-1714 style-local-2367-c10 position-relative h-element\">\n                          <!---->\n                          <div class=\"h-image__frame-container-outer\">\n                            <div class=\"h-image__frame-container\">\n                              <!---->\n                              <!---->\n                              <img loading=\"lazy\" decoding=\"async\" width=\"439\" height=\"300\" src=\"https:\/\/bati-al.fr\/wp-content\/uploads\/2022\/03\/E45_1.jpg\" class=\"style-1712-images style-local-2367-c8-images wp-image-2582 style-1714-image style-local-2367-c10-image\" alt=\"\" srcset=\"https:\/\/bati-al.fr\/wp-content\/uploads\/2022\/03\/E45_1.jpg 439w, https:\/\/bati-al.fr\/wp-content\/uploads\/2022\/03\/E45_1-300x205.jpg 300w\" sizes=\"auto, (max-width: 439px) 100vw, 439px\" \/>\n                              <div class=\"h-image__frame h-hide-lg h-hide-md h-hide-sm style-1714-frameImage style-local-2367-c10-frameImage\"><\/div>\n                            <\/div>\n                          <\/div>\n                        <\/div>\n                      <\/div>\n                    <\/div>\n                  <\/div>\n                <\/div>\n              <\/div>\n            <\/div>\n          <\/div>\n        <\/div>\n      <\/div>\n    <\/div>\n  <\/div>\n  <div data-colibri-component=\"section\" data-colibri-id=\"2367-c11\" id=\"reusable-sections-2\" class=\"h-section h-section-global-spacing d-flex align-items-lg-center align-items-md-center align-items-center style-1716 style-local-2367-c11 position-relative\">\n    <div class=\"background-wrapper\">\n      <div class=\"background-layer background-layer-media-container-lg\">\n        <div data-enabled=\"true\" data-colibri-component=\"parallax\" class=\"background-layer paraxify\" model-id=\"2367-c11\" media=\"desktop\" is-preview=\"true\" style=\"background-image: url(&quot;https:\/\/bati-al.fr\/wp-content\/uploads\/2022\/03\/Amilly_2B-_2BAWS_2B60_2BSCP_2B_25281_2529.jpg&quot;);\"><\/div>\n        <div class=\"overlay-layer\">\n          <div class=\"overlay-image-layer\" style=\"background-color: rgb(0, 0, 0); opacity: 0.5;\"><\/div>\n        <\/div>\n      <\/div>\n      <div class=\"background-layer background-layer-media-container-md\">\n        <div data-enabled=\"true\" data-colibri-component=\"parallax\" class=\"background-layer paraxify\" model-id=\"2367-c11\" media=\"tablet\" is-preview=\"true\" style=\"background-image: url(&quot;https:\/\/bati-al.fr\/wp-content\/uploads\/2022\/03\/Amilly_2B-_2BAWS_2B60_2BSCP_2B_25281_2529.jpg&quot;);\"><\/div>\n        <div class=\"overlay-layer\">\n          <div class=\"overlay-image-layer\" style=\"background-color: rgb(0, 0, 0); opacity: 0.5;\"><\/div>\n        <\/div>\n      <\/div>\n      <div class=\"background-layer background-layer-media-container\">\n        <div data-enabled=\"true\" data-colibri-component=\"parallax\" class=\"background-layer paraxify\" model-id=\"2367-c11\" media=\"mobile\" is-preview=\"true\" style=\"background-image: url(&quot;https:\/\/colibriwp-work.colibriwp.com\/insurance\/wp-content\/uploads\/2020\/06\/excited-buyer-shaking-hands-with-agent-4173198.jpg&quot;);\"><\/div>\n        <div class=\"overlay-layer\">\n          <div class=\"overlay-image-layer\" style=\"background-color: rgb(0, 0, 0); opacity: 0.5;\"><\/div>\n        <\/div>\n      <\/div>\n    <\/div>\n    <!---->\n    <div class=\"h-section-grid-container h-section-boxed-container\">\n      <!---->\n      <div data-colibri-id=\"2367-c12\" class=\"h-row-container gutters-row-lg-0 gutters-row-md-0 gutters-row-2 gutters-row-v-lg-0 gutters-row-v-md-0 gutters-row-v-2 style-1717 style-local-2367-c12 position-relative\">\n        <!---->\n        <div class=\"h-row justify-content-lg-center justify-content-md-center justify-content-center align-items-lg-stretch align-items-md-stretch align-items-stretch gutters-col-lg-0 gutters-col-md-0 gutters-col-2 gutters-col-v-lg-0 gutters-col-v-md-0 gutters-col-v-2\">\n          <!---->\n          <div class=\"h-column h-column-container d-flex h-col-lg-auto h-col-md-auto h-col-auto style-1718-outer style-local-2367-c13-outer\">\n            <div data-colibri-id=\"2367-c13\" class=\"d-flex h-flex-basis h-column__inner h-px-lg-0 h-px-md-0 h-px-2 v-inner-lg-0 v-inner-md-0 v-inner-2 style-1718 style-local-2367-c13 position-relative\">\n              <!---->\n              <!---->\n              <div class=\"w-100 h-y-container h-column__content h-column__v-align flex-basis-100 align-self-lg-start align-self-md-start align-self-start\">\n                <!---->\n                <div data-colibri-id=\"2367-c14\" class=\"h-row-container gutters-row-lg-2 gutters-row-md-2 gutters-row-0 gutters-row-v-lg-3 gutters-row-v-md-3 gutters-row-v-3 style-1719 style-local-2367-c14 position-relative\">\n                  <!---->\n                  <div class=\"h-row justify-content-lg-center justify-content-md-center justify-content-center align-items-lg-stretch align-items-md-stretch align-items-stretch gutters-col-lg-2 gutters-col-md-2 gutters-col-0 gutters-col-v-lg-3 gutters-col-v-md-3 gutters-col-v-3\">\n                    <!---->\n                    <div class=\"h-column h-column-container d-flex h-col-lg-auto h-col-md-auto h-col-auto style-1720-outer style-local-2367-c15-outer\">\n                      <div data-colibri-id=\"2367-c15\" class=\"d-flex h-flex-basis h-column__inner h-px-lg-2 h-px-md-2 h-px-2 v-inner-lg-3 v-inner-md-3 v-inner-0 style-1720 style-local-2367-c15 position-relative\">\n                        <!---->\n                        <!---->\n                        <div class=\"w-100 h-y-container h-column__content h-column__v-align flex-basis-auto align-self-lg-start align-self-md-start align-self-start\">\n                          <!---->\n                          <div data-colibri-id=\"2367-c16\" class=\"h-global-transition-all h-heading style-1721 style-local-2367-c16 position-relative h-element\">\n                            <!---->\n                            <div class=\"h-heading__outer style-1721 style-local-2367-c16\">\n                              <!---->\n                              <!---->\n                              <h2 class=\"\">M\u00f6chten Sie mehr \u00fcber unsere Produkte und Dienstleistungen erfahren?<\/h2>\n                            <\/div>\n                          <\/div>\n                        <\/div>\n                      <\/div>\n                    <\/div>\n                  <\/div>\n                <\/div>\n              <\/div>\n            <\/div>\n          <\/div>\n        <\/div>\n      <\/div>\n    <\/div>\n  <\/div>\n  <div data-colibri-component=\"section\" data-colibri-id=\"2367-c17\" id=\"reusable-sections-3\" class=\"h-section h-section-global-spacing d-flex align-items-lg-center align-items-md-center align-items-center style-1722 style-local-2367-c17 position-relative\">\n    <!---->\n    <!---->\n    <div class=\"h-section-grid-container h-section-boxed-container\">\n      <!---->\n      <div data-colibri-id=\"2367-c18\" class=\"h-row-container gutters-row-lg-2 gutters-row-md-2 gutters-row-0 gutters-row-v-lg-2 gutters-row-v-md-2 gutters-row-v-2 style-1723 style-local-2367-c18 position-relative\">\n        <!---->\n        <div class=\"h-row justify-content-lg-center justify-content-md-center justify-content-center align-items-lg-stretch align-items-md-stretch align-items-stretch gutters-col-lg-2 gutters-col-md-2 gutters-col-0 gutters-col-v-lg-2 gutters-col-v-md-2 gutters-col-v-2\">\n          <!---->\n          <div class=\"h-column h-column-container d-flex h-col-lg-auto h-col-md-auto h-col-auto style-1724-outer style-local-2367-c19-outer\">\n            <div data-colibri-id=\"2367-c19\" class=\"d-flex h-flex-basis h-column__inner h-px-lg-2 h-px-md-2 h-px-2 v-inner-lg-2 v-inner-md-2 v-inner-2 style-1724 style-local-2367-c19 position-relative\">\n              <!---->\n              <!---->\n              <div class=\"w-100 h-y-container h-column__content h-column__v-align flex-basis-100 align-self-lg-start align-self-md-start align-self-start\">\n                <!---->\n                <div data-colibri-id=\"2367-c20\" class=\"h-text h-text-component style-1725 style-local-2367-c20 position-relative h-element\">\n                  <!---->\n                  <!---->\n                  <div class=\"\">\n                    <h2><strong>Fordern Sie ein Angebot an!<\/strong><\/h2>\n                  <\/div>\n                <\/div>\n              <\/div>\n            <\/div>\n          <\/div>\n        <\/div>\n      <\/div>\n      <div data-colibri-id=\"2367-c21\" class=\"h-row-container gutters-row-lg-0 gutters-row-md-0 gutters-row-0 gutters-row-v-lg-0 gutters-row-v-md-0 gutters-row-v-0 style-1726 style-local-2367-c21 position-relative\">\n        <!---->\n        <div class=\"h-row justify-content-lg-center justify-content-md-center justify-content-center align-items-lg-stretch align-items-md-stretch align-items-stretch gutters-col-lg-0 gutters-col-md-0 gutters-col-0 gutters-col-v-lg-0 gutters-col-v-md-0 gutters-col-v-0\">\n          <!---->\n          <div class=\"h-column h-column-container d-flex h-col-lg-auto h-col-md-auto h-col-auto style-1727-outer style-local-2367-c22-outer\">\n            <div data-colibri-id=\"2367-c22\" class=\"d-flex h-flex-basis h-column__inner h-px-lg-0 h-px-md-0 h-px-0 v-inner-lg-0 v-inner-md-0 v-inner-0 style-1727 style-local-2367-c22 position-relative\">\n              <!---->\n              <!---->\n              <div class=\"w-100 h-y-container h-column__content h-column__v-align flex-basis-100 align-self-lg-start align-self-md-start align-self-start\">\n                <!---->\n                <div data-colibri-id=\"2367-c23\" class=\"h-x-container style-1728 style-local-2367-c23 position-relative h-element\">\n                  <!---->\n                  <div class=\"h-x-container-inner style-dynamic-2367-c23-group style-1728-spacing style-local-2367-c23-spacing\"><span class=\"h-button__outer style-1729-outer style-local-2367-c24-outer d-inline-flex h-element\"><a h-use-smooth-scroll=\"true\" href=\"https:\/\/bati-al.fr\/index.php\/devis-gratuit\/\"  data-colibri-id=\"2367-c24\" class=\"d-flex w-100 align-items-center h-button justify-content-lg-center justify-content-md-center justify-content-center style-1729 style-local-2367-c24 position-relative\"><!----><!----> <span>SCHREIBEN SIE UNS<\/span><\/a>\n                    <\/span>\n                  <\/div>\n                <\/div>\n              <\/div>\n            <\/div>\n          <\/div>\n        <\/div>\n      <\/div>\n    <\/div>\n  <\/div>\n<\/div>","protected":false},"excerpt":{"rendered":"<p>ETEM E45 Profondeur du syst\u00e8me&nbsp;: 60 mm\/ \/ 67.5mm Valeur Uf cadre \u2265&nbsp;2.1 W\/(m\u00b2\u00b7K) \u00c9paisseur vitrage\/panneau max.&nbsp;49 mm Min. hauteur :&nbsp;97.5 mm Largeur d\u2019ouvrant max.&nbsp;: 1600 x 1600 mm Hauteur d\u2019ouvrant max.&nbsp;: 950 x 2300 mm Protection acoustique RwP max.&nbsp;: 42 dB(A) Perm\u00e9abilit\u00e9 \u00e0 l\u2019air&nbsp;: Classe 4 \u00c9tanch\u00e9it\u00e9 \u00e0 la pluie battante&nbsp;: Classe E1950 Protection [&hellip;]<\/p>\n","protected":false},"author":1,"featured_media":0,"parent":0,"menu_order":0,"comment_status":"closed","ping_status":"closed","template":"page-templates\/full-width-page.php","meta":{"footnotes":""},"class_list":["post-2367","page","type-page","status-publish","hentry"],"_links":{"self":[{"href":"https:\/\/bati-al.fr\/de\/wp-json\/wp\/v2\/pages\/2367","targetHints":{"allow":["GET"]}}],"collection":[{"href":"https:\/\/bati-al.fr\/de\/wp-json\/wp\/v2\/pages"}],"about":[{"href":"https:\/\/bati-al.fr\/de\/wp-json\/wp\/v2\/types\/page"}],"author":[{"embeddable":true,"href":"https:\/\/bati-al.fr\/de\/wp-json\/wp\/v2\/users\/1"}],"replies":[{"embeddable":true,"href":"https:\/\/bati-al.fr\/de\/wp-json\/wp\/v2\/comments?post=2367"}],"version-history":[{"count":0,"href":"https:\/\/bati-al.fr\/de\/wp-json\/wp\/v2\/pages\/2367\/revisions"}],"wp:attachment":[{"href":"https:\/\/bati-al.fr\/de\/wp-json\/wp\/v2\/media?parent=2367"}],"curies":[{"name":"wp","href":"https:\/\/api.w.org\/{rel}","templated":true}]}}