{"id":2369,"date":"2022-03-26T12:05:25","date_gmt":"2022-03-26T12:05:25","guid":{"rendered":"https:\/\/bati-al.fr\/?page_id=2369"},"modified":"2022-09-26T08:56:38","modified_gmt":"2022-09-26T08:56:38","slug":"e75-2","status":"publish","type":"page","link":"https:\/\/bati-al.fr\/de\/e75-2\/","title":{"rendered":"E75"},"content":{"rendered":"<div data-colibri-id=\"2369-c1\" class=\"style-1730 style-local-2369-c1 position-relative\">\n  <!---->\n  <div data-colibri-component=\"section\" data-colibri-id=\"2369-c2\" id=\"reusable-sections\" class=\"h-section h-section-global-spacing d-flex align-items-lg-center align-items-md-center align-items-center style-1731 style-local-2369-c2 position-relative\">\n    <div class=\"background-wrapper\">\n      <div class=\"background-layer background-layer-media-container-lg\">\n        <!---->\n        <div class=\"overlay-layer\">\n          <div class=\"overlay-image-layer\" style=\"background-image: linear-gradient(90deg, rgba(255, 255, 255, 0.75) 0%, rgb(255, 255, 255) 90%);\"><\/div>\n        <\/div>\n      <\/div>\n      <div class=\"background-layer background-layer-media-container-md\">\n        <!---->\n        <div class=\"overlay-layer\">\n          <div class=\"overlay-image-layer\" style=\"background-image: linear-gradient(90deg, rgba(255, 255, 255, 0.75) 0%, rgb(255, 255, 255) 90%);\"><\/div>\n        <\/div>\n      <\/div>\n      <div class=\"background-layer background-layer-media-container\">\n        <!---->\n        <div class=\"overlay-layer\">\n          <div class=\"overlay-image-layer\" style=\"background-image: linear-gradient(90deg, rgba(255, 255, 255, 0.75) 0%, rgb(255, 255, 255) 90%);\"><\/div>\n        <\/div>\n      <\/div>\n    <\/div>\n    <!---->\n    <div class=\"h-section-grid-container h-section-boxed-container\">\n      <!---->\n      <div data-colibri-id=\"2369-c3\" class=\"h-row-container gutters-row-lg-2 gutters-row-md-2 gutters-row-2 gutters-row-v-lg-2 gutters-row-v-md-2 gutters-row-v-2 style-1732 style-local-2369-c3 position-relative\">\n        <!---->\n        <div class=\"h-row justify-content-lg-center justify-content-md-center justify-content-center align-items-lg-stretch align-items-md-stretch align-items-stretch gutters-col-lg-2 gutters-col-md-2 gutters-col-2 gutters-col-v-lg-2 gutters-col-v-md-2 gutters-col-v-2\">\n          <!---->\n          <div data-aos=\"fadeInLeft\" class=\"h-column h-column-container d-flex h-col-lg-auto h-col-md-auto h-col-auto style-1733-outer style-local-2369-c4-outer\">\n            <div data-colibri-id=\"2369-c4\" class=\"d-flex h-flex-basis h-column__inner h-px-lg-2 h-px-md-2 h-px-2 v-inner-lg-2 v-inner-md-2 v-inner-2 style-1733 style-local-2369-c4 position-relative\">\n              <!---->\n              <!---->\n              <div class=\"w-100 h-y-container h-column__content h-column__v-align flex-basis-100 align-self-lg-start align-self-md-start align-self-start\">\n                <!---->\n                <div data-colibri-id=\"2369-c5\" class=\"h-global-transition-all h-heading style-1734 style-local-2369-c5 position-relative h-element\">\n                  <!---->\n                  <div class=\"h-heading__outer style-1734 style-local-2369-c5\">\n                    <!---->\n                    <!---->\n                    <h3 class=\"\">ETEM E75<\/h3>\n                  <\/div>\n                <\/div>\n                <div data-colibri-id=\"2369-c6\" class=\"h-text h-text-component style-1735 style-local-2369-c6 position-relative h-element\">\n                  <!---->\n                  <!---->\n                  <div class=\"\">\n                    <p><strong style=\"color: rgb(7, 7, 7);\">Tiefe des Systems<\/strong><span style=\"color: rgb(7, 7, 7);\">&nbsp;75 mm<\/span><\/p>\n                    <p><strong style=\"color: rgb(7, 7, 7);\">Glas-\/Paneelst\u00e4rke max.<\/strong><span style=\"color: rgb(7, 7, 7);\">&nbsp;55 mm<\/span><\/p>\n                    <p><strong style=\"color: rgb(7, 7, 7);\">Max. Gewicht<\/strong><span style=\"color: rgb(7, 7, 7);\">&nbsp;200 kg<\/span><\/p>\n                    <p><strong style=\"color: rgb(7, 7, 7);\">Luftdurchl\u00e4ssigkeit<\/strong><span style=\"color: rgb(7, 7, 7);\">&nbsp;Klasse 4<\/span><\/p>\n                    <p><strong style=\"color: rgb(7, 7, 7);\">Widerstand gegen Windlasten<\/strong><span style=\"color: rgb(7, 7, 7);\">&nbsp;Klasse C5<\/span><\/p>\n                    <p><strong style=\"color: rgb(7, 7, 7);\">Schlagregendichtheit<\/strong><span style=\"color: rgb(7, 7, 7);\">&nbsp;Klasse 3A<\/span><\/p>\n                    <p><strong style=\"color: rgb(7, 7, 7);\">Einbruchsschutz<\/strong><span style=\"color: rgb(7, 7, 7);\">&nbsp;bis RC 3<\/span><\/p>\n                    <p><strong style=\"color: rgb(7, 7, 7);\">Widerstand gegen Windlasten<\/strong><span style=\"color: rgb(7, 7, 7);\">&nbsp;Klasse C5<\/span><\/p>\n                  <\/div>\n                <\/div>\n              <\/div>\n            <\/div>\n          <\/div>\n          <div class=\"h-column h-column-container d-flex h-col-lg-auto h-col-md-auto h-col-auto style-1736-outer style-local-2369-c7-outer\">\n            <div data-colibri-id=\"2369-c7\" class=\"d-flex h-flex-basis h-column__inner h-px-lg-0 h-px-md-0 h-px-0 v-inner-lg-0 v-inner-md-0 v-inner-0 style-1736 style-local-2369-c7 position-relative\">\n              <!---->\n              <!---->\n              <div class=\"w-100 h-y-container h-column__content h-column__v-align flex-basis-100 align-self-lg-start align-self-md-start align-self-start\">\n                <!---->\n                <div data-colibri-id=\"2369-c8\" data-aos=\"fadeInRight\" class=\"h-multiple-image style-1737 style-local-2369-c8 position-relative h-element\">\n                  <!---->\n                  <div class=\"position-relative\">\n                    <div class=\"h-multiple-image-inside-container\">\n                      <div class=\"ratio-inner\">\n                        <div data-colibri-id=\"2369-c9\" class=\"d-block style-1738 style-local-2369-c9 position-relative h-element\">\n                          <!---->\n                          <div class=\"h-image__frame-container-outer\">\n                            <div class=\"h-image__frame-container\">\n                              <!---->\n                              <!---->\n                              <img loading=\"lazy\" decoding=\"async\" width=\"598\" height=\"366\" src=\"https:\/\/bati-al.fr\/wp-content\/uploads\/2022\/03\/E75_1.jpg\" class=\"style-1737-images style-local-2369-c8-images wp-image-2591 style-1738-image style-local-2369-c9-image\" alt=\"\" srcset=\"https:\/\/bati-al.fr\/wp-content\/uploads\/2022\/03\/E75_1.jpg 598w, https:\/\/bati-al.fr\/wp-content\/uploads\/2022\/03\/E75_1-300x184.jpg 300w\" sizes=\"auto, (max-width: 598px) 100vw, 598px\" \/>\n                              <div class=\"h-image__frame h-hide-lg h-hide-md h-hide-sm style-1738-frameImage style-local-2369-c9-frameImage\"><\/div>\n                            <\/div>\n                          <\/div>\n                        <\/div>\n                        <div data-colibri-id=\"2369-c10\" class=\"d-block style-1739 style-local-2369-c10 position-relative h-element\">\n                          <!---->\n                          <div class=\"h-image__frame-container-outer\">\n                            <div class=\"h-image__frame-container\">\n                              <!---->\n                              <!---->\n                              <img loading=\"lazy\" decoding=\"async\" width=\"1001\" height=\"935\" src=\"https:\/\/bati-al.fr\/wp-content\/uploads\/2022\/03\/E75_3.jpg\" class=\"style-1737-images style-local-2369-c8-images wp-image-2592 style-1739-image style-local-2369-c10-image\" alt=\"\" srcset=\"https:\/\/bati-al.fr\/wp-content\/uploads\/2022\/03\/E75_3.jpg 1001w, https:\/\/bati-al.fr\/wp-content\/uploads\/2022\/03\/E75_3-300x280.jpg 300w, https:\/\/bati-al.fr\/wp-content\/uploads\/2022\/03\/E75_3-768x717.jpg 768w\" sizes=\"auto, (max-width: 1001px) 100vw, 1001px\" \/>\n                              <div class=\"h-image__frame h-hide-lg h-hide-md h-hide-sm style-1739-frameImage style-local-2369-c10-frameImage\"><\/div>\n                            <\/div>\n                          <\/div>\n                        <\/div>\n                        <div data-colibri-id=\"2369-c11\" class=\"d-block style-1740 style-local-2369-c11 position-relative h-element\">\n                          <!---->\n                          <div class=\"h-image__frame-container-outer\">\n                            <div class=\"h-image__frame-container\">\n                              <!---->\n                              <!---->\n                              <img loading=\"lazy\" decoding=\"async\" width=\"1274\" height=\"900\" src=\"https:\/\/bati-al.fr\/wp-content\/uploads\/2022\/03\/E75.png\" class=\"style-1737-images style-local-2369-c8-images wp-image-2590 style-1740-image style-local-2369-c11-image\" alt=\"\" srcset=\"https:\/\/bati-al.fr\/wp-content\/uploads\/2022\/03\/E75.png 1274w, https:\/\/bati-al.fr\/wp-content\/uploads\/2022\/03\/E75-300x212.png 300w, https:\/\/bati-al.fr\/wp-content\/uploads\/2022\/03\/E75-1024x723.png 1024w, https:\/\/bati-al.fr\/wp-content\/uploads\/2022\/03\/E75-768x543.png 768w\" sizes=\"auto, (max-width: 1274px) 100vw, 1274px\" \/>\n                              <div class=\"h-image__frame h-hide-lg h-hide-md h-hide-sm style-1740-frameImage style-local-2369-c11-frameImage\"><\/div>\n                            <\/div>\n                          <\/div>\n                        <\/div>\n                      <\/div>\n                    <\/div>\n                  <\/div>\n                <\/div>\n              <\/div>\n            <\/div>\n          <\/div>\n        <\/div>\n      <\/div>\n    <\/div>\n  <\/div>\n  <div data-colibri-component=\"section\" data-colibri-id=\"2369-c12\" id=\"reusable-sections-2\" class=\"h-section h-section-global-spacing d-flex align-items-lg-center align-items-md-center align-items-center style-1741 style-local-2369-c12 position-relative\">\n    <div class=\"background-wrapper\">\n      <div class=\"background-layer background-layer-media-container-lg\">\n        <div data-enabled=\"true\" data-colibri-component=\"parallax\" class=\"background-layer paraxify\" model-id=\"2369-c12\" media=\"desktop\" is-preview=\"true\" style=\"background-image: url(&quot;https:\/\/bati-al.fr\/wp-content\/uploads\/2022\/03\/Amilly_2B-_2BAWS_2B60_2BSCP_2B_25281_2529.jpg&quot;);\"><\/div>\n        <div class=\"overlay-layer\">\n          <div class=\"overlay-image-layer\" style=\"background-color: rgb(0, 0, 0); opacity: 0.5;\"><\/div>\n        <\/div>\n      <\/div>\n      <div class=\"background-layer background-layer-media-container-md\">\n        <div data-enabled=\"true\" data-colibri-component=\"parallax\" class=\"background-layer paraxify\" model-id=\"2369-c12\" media=\"tablet\" is-preview=\"true\" style=\"background-image: url(&quot;https:\/\/bati-al.fr\/wp-content\/uploads\/2022\/03\/Amilly_2B-_2BAWS_2B60_2BSCP_2B_25281_2529.jpg&quot;);\"><\/div>\n        <div class=\"overlay-layer\">\n          <div class=\"overlay-image-layer\" style=\"background-color: rgb(0, 0, 0); opacity: 0.5;\"><\/div>\n        <\/div>\n      <\/div>\n      <div class=\"background-layer background-layer-media-container\">\n        <div data-enabled=\"true\" data-colibri-component=\"parallax\" class=\"background-layer paraxify\" model-id=\"2369-c12\" media=\"mobile\" is-preview=\"true\" style=\"background-image: url(&quot;https:\/\/colibriwp-work.colibriwp.com\/insurance\/wp-content\/uploads\/2020\/06\/excited-buyer-shaking-hands-with-agent-4173198.jpg&quot;);\"><\/div>\n        <div class=\"overlay-layer\">\n          <div class=\"overlay-image-layer\" style=\"background-color: rgb(0, 0, 0); opacity: 0.5;\"><\/div>\n        <\/div>\n      <\/div>\n    <\/div>\n    <!---->\n    <div class=\"h-section-grid-container h-section-boxed-container\">\n      <!---->\n      <div data-colibri-id=\"2369-c13\" class=\"h-row-container gutters-row-lg-0 gutters-row-md-0 gutters-row-2 gutters-row-v-lg-0 gutters-row-v-md-0 gutters-row-v-2 style-1742 style-local-2369-c13 position-relative\">\n        <!---->\n        <div class=\"h-row justify-content-lg-center justify-content-md-center justify-content-center align-items-lg-stretch align-items-md-stretch align-items-stretch gutters-col-lg-0 gutters-col-md-0 gutters-col-2 gutters-col-v-lg-0 gutters-col-v-md-0 gutters-col-v-2\">\n          <!---->\n          <div class=\"h-column h-column-container d-flex h-col-lg-auto h-col-md-auto h-col-auto style-1743-outer style-local-2369-c14-outer\">\n            <div data-colibri-id=\"2369-c14\" class=\"d-flex h-flex-basis h-column__inner h-px-lg-0 h-px-md-0 h-px-2 v-inner-lg-0 v-inner-md-0 v-inner-2 style-1743 style-local-2369-c14 position-relative\">\n              <!---->\n              <!---->\n              <div class=\"w-100 h-y-container h-column__content h-column__v-align flex-basis-100 align-self-lg-start align-self-md-start align-self-start\">\n                <!---->\n                <div data-colibri-id=\"2369-c15\" class=\"h-row-container gutters-row-lg-2 gutters-row-md-2 gutters-row-0 gutters-row-v-lg-3 gutters-row-v-md-3 gutters-row-v-3 style-1744 style-local-2369-c15 position-relative\">\n                  <!---->\n                  <div class=\"h-row justify-content-lg-center justify-content-md-center justify-content-center align-items-lg-stretch align-items-md-stretch align-items-stretch gutters-col-lg-2 gutters-col-md-2 gutters-col-0 gutters-col-v-lg-3 gutters-col-v-md-3 gutters-col-v-3\">\n                    <!---->\n                    <div class=\"h-column h-column-container d-flex h-col-lg-auto h-col-md-auto h-col-auto style-1745-outer style-local-2369-c16-outer\">\n                      <div data-colibri-id=\"2369-c16\" class=\"d-flex h-flex-basis h-column__inner h-px-lg-2 h-px-md-2 h-px-2 v-inner-lg-3 v-inner-md-3 v-inner-0 style-1745 style-local-2369-c16 position-relative\">\n                        <!---->\n                        <!---->\n                        <div class=\"w-100 h-y-container h-column__content h-column__v-align flex-basis-auto align-self-lg-start align-self-md-start align-self-start\">\n                          <!---->\n                          <div data-colibri-id=\"2369-c17\" class=\"h-global-transition-all h-heading style-1746 style-local-2369-c17 position-relative h-element\">\n                            <!---->\n                            <div class=\"h-heading__outer style-1746 style-local-2369-c17\">\n                              <!---->\n                              <!---->\n                              <h2 class=\"\">M\u00f6chten Sie mehr \u00fcber unsere Produkte und Dienstleistungen erfahren?<\/h2>\n                            <\/div>\n                          <\/div>\n                        <\/div>\n                      <\/div>\n                    <\/div>\n                  <\/div>\n                <\/div>\n              <\/div>\n            <\/div>\n          <\/div>\n        <\/div>\n      <\/div>\n    <\/div>\n  <\/div>\n  <div data-colibri-component=\"section\" data-colibri-id=\"2369-c18\" id=\"reusable-sections-3\" class=\"h-section h-section-global-spacing d-flex align-items-lg-center align-items-md-center align-items-center style-1747 style-local-2369-c18 position-relative\">\n    <!---->\n    <!---->\n    <div class=\"h-section-grid-container h-section-boxed-container\">\n      <!---->\n      <div data-colibri-id=\"2369-c19\" class=\"h-row-container gutters-row-lg-2 gutters-row-md-2 gutters-row-0 gutters-row-v-lg-2 gutters-row-v-md-2 gutters-row-v-2 style-1748 style-local-2369-c19 position-relative\">\n        <!---->\n        <div class=\"h-row justify-content-lg-center justify-content-md-center justify-content-center align-items-lg-stretch align-items-md-stretch align-items-stretch gutters-col-lg-2 gutters-col-md-2 gutters-col-0 gutters-col-v-lg-2 gutters-col-v-md-2 gutters-col-v-2\">\n          <!---->\n          <div class=\"h-column h-column-container d-flex h-col-lg-auto h-col-md-auto h-col-auto style-1749-outer style-local-2369-c20-outer\">\n            <div data-colibri-id=\"2369-c20\" class=\"d-flex h-flex-basis h-column__inner h-px-lg-2 h-px-md-2 h-px-2 v-inner-lg-2 v-inner-md-2 v-inner-2 style-1749 style-local-2369-c20 position-relative\">\n              <!---->\n              <!---->\n              <div class=\"w-100 h-y-container h-column__content h-column__v-align flex-basis-100 align-self-lg-start align-self-md-start align-self-start\">\n                <!---->\n                <div data-colibri-id=\"2369-c21\" class=\"h-text h-text-component style-1750 style-local-2369-c21 position-relative h-element\">\n                  <!---->\n                  <!---->\n                  <div class=\"\">\n                    <h2><strong>Fordern Sie ein Angebot an!<\/strong><\/h2>\n                  <\/div>\n                <\/div>\n              <\/div>\n            <\/div>\n          <\/div>\n        <\/div>\n      <\/div>\n      <div data-colibri-id=\"2369-c22\" class=\"h-row-container gutters-row-lg-0 gutters-row-md-0 gutters-row-0 gutters-row-v-lg-0 gutters-row-v-md-0 gutters-row-v-0 style-1751 style-local-2369-c22 position-relative\">\n        <!---->\n        <div class=\"h-row justify-content-lg-center justify-content-md-center justify-content-center align-items-lg-stretch align-items-md-stretch align-items-stretch gutters-col-lg-0 gutters-col-md-0 gutters-col-0 gutters-col-v-lg-0 gutters-col-v-md-0 gutters-col-v-0\">\n          <!---->\n          <div class=\"h-column h-column-container d-flex h-col-lg-auto h-col-md-auto h-col-auto style-1752-outer style-local-2369-c23-outer\">\n            <div data-colibri-id=\"2369-c23\" class=\"d-flex h-flex-basis h-column__inner h-px-lg-0 h-px-md-0 h-px-0 v-inner-lg-0 v-inner-md-0 v-inner-0 style-1752 style-local-2369-c23 position-relative\">\n              <!---->\n              <!---->\n              <div class=\"w-100 h-y-container h-column__content h-column__v-align flex-basis-100 align-self-lg-start align-self-md-start align-self-start\">\n                <!---->\n                <div data-colibri-id=\"2369-c24\" class=\"h-x-container style-1753 style-local-2369-c24 position-relative h-element\">\n                  <!---->\n                  <div class=\"h-x-container-inner style-dynamic-2369-c24-group style-1753-spacing style-local-2369-c24-spacing\"><span class=\"h-button__outer style-1754-outer style-local-2369-c25-outer d-inline-flex h-element\"><a h-use-smooth-scroll=\"true\" href=\"https:\/\/bati-al.fr\/index.php\/devis-gratuit\/\"  data-colibri-id=\"2369-c25\" class=\"d-flex w-100 align-items-center h-button justify-content-lg-center justify-content-md-center justify-content-center style-1754 style-local-2369-c25 position-relative\"><!----><!----> <span>SCHREIBEN SIE UNS<\/span><\/a>\n                    <\/span>\n                  <\/div>\n                <\/div>\n              <\/div>\n            <\/div>\n          <\/div>\n        <\/div>\n      <\/div>\n    <\/div>\n  <\/div>\n<\/div>","protected":false},"excerpt":{"rendered":"<p>ETEM E75 Profondeur du syst\u00e8me&nbsp;: 75 mm \u00c9paisseur vitrage\/panneau max.&nbsp;55 mm Poids max.&nbsp;: 200 kg Perm\u00e9abilit\u00e9 \u00e0 l\u2019air&nbsp;: Classe 4 R\u00e9sistance aux charges de vent&nbsp;: Classe C5 \u00c9tanch\u00e9it\u00e9 \u00e0 la pluie battante&nbsp;: Classe 3A Protection anti-effraction&nbsp;: jusqu\u2019\u00e0 RC 3 R\u00e9sistance aux charges de vent&nbsp;: classe C5 Souhaitez-vous en savoir plus sur nos produits et services? [&hellip;]<\/p>\n","protected":false},"author":1,"featured_media":0,"parent":0,"menu_order":0,"comment_status":"closed","ping_status":"closed","template":"page-templates\/full-width-page.php","meta":{"footnotes":""},"class_list":["post-2369","page","type-page","status-publish","hentry"],"_links":{"self":[{"href":"https:\/\/bati-al.fr\/de\/wp-json\/wp\/v2\/pages\/2369","targetHints":{"allow":["GET"]}}],"collection":[{"href":"https:\/\/bati-al.fr\/de\/wp-json\/wp\/v2\/pages"}],"about":[{"href":"https:\/\/bati-al.fr\/de\/wp-json\/wp\/v2\/types\/page"}],"author":[{"embeddable":true,"href":"https:\/\/bati-al.fr\/de\/wp-json\/wp\/v2\/users\/1"}],"replies":[{"embeddable":true,"href":"https:\/\/bati-al.fr\/de\/wp-json\/wp\/v2\/comments?post=2369"}],"version-history":[{"count":0,"href":"https:\/\/bati-al.fr\/de\/wp-json\/wp\/v2\/pages\/2369\/revisions"}],"wp:attachment":[{"href":"https:\/\/bati-al.fr\/de\/wp-json\/wp\/v2\/media?parent=2369"}],"curies":[{"name":"wp","href":"https:\/\/api.w.org\/{rel}","templated":true}]}}