{"id":696,"date":"2020-06-10T08:10:44","date_gmt":"2020-06-10T08:10:44","guid":{"rendered":"https:\/\/colibriwp-work.colibriwp.com\/insurance\/?page_id=696"},"modified":"2022-09-26T09:06:05","modified_gmt":"2022-09-26T09:06:05","slug":"aws-60","status":"publish","type":"page","link":"https:\/\/bati-al.fr\/de\/aws-60\/","title":{"rendered":"AWS 60"},"content":{"rendered":"<div data-colibri-id=\"696-c1\" class=\"style-962 style-local-696-c1 position-relative\">\n  <!---->\n  <div data-colibri-component=\"section\" data-colibri-id=\"696-c2\" id=\"risks\" class=\"h-section h-section-global-spacing d-flex align-items-lg-center align-items-md-center align-items-center style-963 style-local-696-c2 position-relative\">\n    <div class=\"background-wrapper\">\n      <div class=\"background-layer background-layer-media-container-lg\">\n        <!---->\n        <div class=\"overlay-layer\">\n          <div class=\"overlay-image-layer\" style=\"background-image: linear-gradient(90deg, rgba(255, 255, 255, 0.75) 0%, rgb(255, 255, 255) 90%);\"><\/div>\n        <\/div>\n      <\/div>\n      <div class=\"background-layer background-layer-media-container-md\">\n        <!---->\n        <div class=\"overlay-layer\">\n          <div class=\"overlay-image-layer\" style=\"background-image: linear-gradient(90deg, rgba(255, 255, 255, 0.75) 0%, rgb(255, 255, 255) 90%);\"><\/div>\n        <\/div>\n      <\/div>\n      <div class=\"background-layer background-layer-media-container\">\n        <!---->\n        <div class=\"overlay-layer\">\n          <div class=\"overlay-image-layer\" style=\"background-image: linear-gradient(90deg, rgba(255, 255, 255, 0.75) 0%, rgb(255, 255, 255) 90%);\"><\/div>\n        <\/div>\n      <\/div>\n    <\/div>\n    <!---->\n    <div class=\"h-section-grid-container h-section-boxed-container\">\n      <!---->\n      <div data-colibri-id=\"696-c3\" class=\"h-row-container gutters-row-lg-2 gutters-row-md-2 gutters-row-2 gutters-row-v-lg-2 gutters-row-v-md-2 gutters-row-v-2 style-964 style-local-696-c3 position-relative\">\n        <!---->\n        <div class=\"h-row justify-content-lg-center justify-content-md-center justify-content-center align-items-lg-stretch align-items-md-stretch align-items-stretch gutters-col-lg-2 gutters-col-md-2 gutters-col-2 gutters-col-v-lg-2 gutters-col-v-md-2 gutters-col-v-2\">\n          <!---->\n          <div data-aos=\"fadeInLeft\" class=\"h-column h-column-container d-flex h-col-lg-auto h-col-md-auto h-col-auto style-965-outer style-local-696-c4-outer\">\n            <div data-colibri-id=\"696-c4\" class=\"d-flex h-flex-basis h-column__inner h-px-lg-2 h-px-md-2 h-px-2 v-inner-lg-2 v-inner-md-2 v-inner-2 style-965 style-local-696-c4 position-relative\">\n              <!---->\n              <!---->\n              <div class=\"w-100 h-y-container h-column__content h-column__v-align flex-basis-100 align-self-lg-start align-self-md-start align-self-start\">\n                <!---->\n                <div data-colibri-id=\"696-c5\" class=\"h-global-transition-all h-heading style-966 style-local-696-c5 position-relative h-element\">\n                  <!---->\n                  <div class=\"h-heading__outer style-966 style-local-696-c5\">\n                    <!---->\n                    <!---->\n                    <h3 class=\"\">SCH\u00dcCO AWS 60<\/h3>\n                  <\/div>\n                <\/div>\n                <div data-colibri-id=\"696-c6\" class=\"h-text h-text-component style-967 style-local-696-c6 position-relative h-element\">\n                  <!---->\n                  <!---->\n                  <div class=\"\">\n                    <p><strong style=\"color: rgb(7, 7, 7);\">Tiefe des Systems<\/strong><span style=\"color: rgb(7, 7, 7);\">&nbsp;60 mm<\/span><\/p>\n                    <p><strong style=\"color: rgb(7, 7, 7);\">Min. Breite der Ansicht<\/strong><span style=\"color: rgb(7, 7, 7);\">&nbsp;91 mm<\/span><\/p>\n                    <p><strong style=\"color: rgb(7, 7, 7);\">Uf-Wert Rahmen \u2265 \u2265.<\/strong><span style=\"color: rgb(7, 7, 7);\">&nbsp;1,7 W\/(m\u00b2-K)<\/span><\/p>\n                    <p><strong style=\"color: rgb(7, 7, 7);\">Glas-\/Paneelst\u00e4rke max.<\/strong><span style=\"color: rgb(7, 7, 7);\">&nbsp;50 mm<\/span><\/p>\n                    <p><strong style=\"color: rgb(7, 7, 7);\">Max. Breite des Fl\u00fcgels<\/strong><span style=\"color: rgb(7, 7, 7);\">&nbsp;: 1700 mm<\/span><\/p>\n                    <p><strong style=\"color: rgb(7, 7, 7);\">Max. H\u00f6he des Fl\u00fcgels<\/strong><span style=\"color: rgb(7, 7, 7);\">&nbsp;: 2500 mm<\/span><\/p>\n                    <p><strong style=\"color: rgb(7, 7, 7);\">Schallschutz RwP max.<\/strong><span style=\"color: rgb(7, 7, 7);\">&nbsp;47 dB(A)<\/span><\/p>\n                    <p><strong style=\"color: rgb(7, 7, 7);\">Luftdurchl\u00e4ssigkeit<\/strong><span style=\"color: rgb(7, 7, 7);\">&nbsp;Klasse 4<\/span><\/p>\n                    <p><strong style=\"color: rgb(7, 7, 7);\">Schlagregendichtheit<\/strong><span style=\"color: rgb(7, 7, 7);\">&nbsp;Klasse 9A<\/span><\/p>\n                    <p><strong style=\"color: rgb(7, 7, 7);\">Einbruchsschutz<\/strong><span style=\"color: rgb(7, 7, 7);\">&nbsp;bis RC 2<\/span><\/p>\n                    <p><strong style=\"color: rgb(7, 7, 7);\">Widerstand gegen Windlasten<\/strong><span style=\"color: rgb(7, 7, 7);\">&nbsp;Klasse C5\/B5<\/span><\/p>\n                    <p><strong style=\"color: rgb(7, 7, 7);\">CE-Kennzeichnung<\/strong><span style=\"color: rgb(7, 7, 7);\">&nbsp;: Ja<\/span><\/p>\n                  <\/div>\n                <\/div>\n              <\/div>\n            <\/div>\n          <\/div>\n          <div class=\"h-column h-column-container d-flex h-col-lg-auto h-col-md-auto h-col-auto style-971-outer style-local-696-c7-outer\">\n            <div data-colibri-id=\"696-c7\" class=\"d-flex h-flex-basis h-column__inner h-px-lg-0 h-px-md-0 h-px-0 v-inner-lg-0 v-inner-md-0 v-inner-0 style-971 style-local-696-c7 position-relative\">\n              <!---->\n              <!---->\n              <div class=\"w-100 h-y-container h-column__content h-column__v-align flex-basis-100 align-self-lg-start align-self-md-start align-self-start\">\n                <!---->\n                <div data-colibri-id=\"696-c8\" data-aos=\"fadeInRight\" class=\"h-multiple-image style-972 style-local-696-c8 position-relative h-element\">\n                  <!---->\n                  <div class=\"position-relative\">\n                    <div class=\"h-multiple-image-inside-container\">\n                      <div class=\"ratio-inner\">\n                        <div data-colibri-id=\"696-c9\" class=\"d-block style-973 style-local-696-c9 position-relative h-element\">\n                          <!---->\n                          <div class=\"h-image__frame-container-outer\">\n                            <div class=\"h-image__frame-container\">\n                              <!---->\n                              <!---->\n                              <img loading=\"lazy\" decoding=\"async\" width=\"1100\" height=\"1100\" src=\"https:\/\/bati-al.fr\/wp-content\/uploads\/2022\/03\/Amilly_2B-_2BAWS_2B60_2BSCP_2B_25281_2529.jpg\" class=\"style-972-images style-local-696-c8-images wp-image-2306 style-973-image style-local-696-c9-image\" alt=\"\" srcset=\"https:\/\/bati-al.fr\/wp-content\/uploads\/2022\/03\/Amilly_2B-_2BAWS_2B60_2BSCP_2B_25281_2529.jpg 1100w, https:\/\/bati-al.fr\/wp-content\/uploads\/2022\/03\/Amilly_2B-_2BAWS_2B60_2BSCP_2B_25281_2529-300x300.jpg 300w, https:\/\/bati-al.fr\/wp-content\/uploads\/2022\/03\/Amilly_2B-_2BAWS_2B60_2BSCP_2B_25281_2529-1024x1024.jpg 1024w, https:\/\/bati-al.fr\/wp-content\/uploads\/2022\/03\/Amilly_2B-_2BAWS_2B60_2BSCP_2B_25281_2529-150x150.jpg 150w, https:\/\/bati-al.fr\/wp-content\/uploads\/2022\/03\/Amilly_2B-_2BAWS_2B60_2BSCP_2B_25281_2529-768x768.jpg 768w\" sizes=\"auto, (max-width: 1100px) 100vw, 1100px\" \/>\n                              <div class=\"h-image__frame h-hide-lg h-hide-md h-hide-sm style-973-frameImage style-local-696-c9-frameImage\"><\/div>\n                            <\/div>\n                          <\/div>\n                        <\/div>\n                        <div data-colibri-id=\"696-c10\" class=\"d-block style-974 style-local-696-c10 position-relative h-element\">\n                          <!---->\n                          <div class=\"h-image__frame-container-outer\">\n                            <div class=\"h-image__frame-container\">\n                              <!---->\n                              <!---->\n                              <img loading=\"lazy\" decoding=\"async\" width=\"1100\" height=\"665\" src=\"https:\/\/bati-al.fr\/wp-content\/uploads\/2022\/03\/cropped-schueco_aws_60_gallery.jpg\" class=\"style-972-images style-local-696-c8-images wp-image-2309 style-974-image style-local-696-c10-image\" alt=\"\" srcset=\"https:\/\/bati-al.fr\/wp-content\/uploads\/2022\/03\/cropped-schueco_aws_60_gallery.jpg 1100w, https:\/\/bati-al.fr\/wp-content\/uploads\/2022\/03\/cropped-schueco_aws_60_gallery-300x181.jpg 300w, https:\/\/bati-al.fr\/wp-content\/uploads\/2022\/03\/cropped-schueco_aws_60_gallery-1024x619.jpg 1024w, https:\/\/bati-al.fr\/wp-content\/uploads\/2022\/03\/cropped-schueco_aws_60_gallery-768x464.jpg 768w\" sizes=\"auto, (max-width: 1100px) 100vw, 1100px\" \/>\n                              <div class=\"h-image__frame h-hide-lg h-hide-md h-hide-sm style-974-frameImage style-local-696-c10-frameImage\"><\/div>\n                            <\/div>\n                          <\/div>\n                        <\/div>\n                        <div data-colibri-id=\"696-c11\" class=\"d-block style-975 style-local-696-c11 position-relative h-element\">\n                          <!---->\n                          <div class=\"h-image__frame-container-outer\">\n                            <div class=\"h-image__frame-container\">\n                              <!---->\n                              <!---->\n                              <img loading=\"lazy\" decoding=\"async\" width=\"1100\" height=\"1100\" src=\"https:\/\/bati-al.fr\/wp-content\/uploads\/2022\/03\/cropped-aws_60_gallery1.jpg\" class=\"style-972-images style-local-696-c8-images wp-image-2311 style-975-image style-local-696-c11-image\" alt=\"\" srcset=\"https:\/\/bati-al.fr\/wp-content\/uploads\/2022\/03\/cropped-aws_60_gallery1.jpg 1100w, https:\/\/bati-al.fr\/wp-content\/uploads\/2022\/03\/cropped-aws_60_gallery1-300x300.jpg 300w, https:\/\/bati-al.fr\/wp-content\/uploads\/2022\/03\/cropped-aws_60_gallery1-1024x1024.jpg 1024w, https:\/\/bati-al.fr\/wp-content\/uploads\/2022\/03\/cropped-aws_60_gallery1-150x150.jpg 150w, https:\/\/bati-al.fr\/wp-content\/uploads\/2022\/03\/cropped-aws_60_gallery1-768x768.jpg 768w\" sizes=\"auto, (max-width: 1100px) 100vw, 1100px\" \/>\n                              <div class=\"h-image__frame h-hide-lg h-hide-md h-hide-sm style-975-frameImage style-local-696-c11-frameImage\"><\/div>\n                            <\/div>\n                          <\/div>\n                        <\/div>\n                      <\/div>\n                    <\/div>\n                  <\/div>\n                <\/div>\n              <\/div>\n            <\/div>\n          <\/div>\n        <\/div>\n      <\/div>\n    <\/div>\n  <\/div>\n  <div data-colibri-component=\"section\" data-colibri-id=\"696-c12\" id=\"cta-hands\" class=\"h-section h-section-global-spacing d-flex align-items-lg-center align-items-md-center align-items-center style-976 style-local-696-c12 position-relative\">\n    <div class=\"background-wrapper\">\n      <div class=\"background-layer background-layer-media-container-lg\">\n        <div data-enabled=\"true\" data-colibri-component=\"parallax\" class=\"background-layer paraxify\" model-id=\"696-c12\" media=\"desktop\" is-preview=\"true\" style=\"background-image: url(&quot;https:\/\/bati-al.fr\/wp-content\/uploads\/2022\/03\/Amilly_2B-_2BAWS_2B60_2BSCP_2B_25281_2529.jpg&quot;);\"><\/div>\n        <div class=\"overlay-layer\">\n          <div class=\"overlay-image-layer\" style=\"background-color: rgb(0, 0, 0); opacity: 0.5;\"><\/div>\n        <\/div>\n      <\/div>\n      <div class=\"background-layer background-layer-media-container-md\">\n        <div data-enabled=\"true\" data-colibri-component=\"parallax\" class=\"background-layer paraxify\" model-id=\"696-c12\" media=\"tablet\" is-preview=\"true\" style=\"background-image: url(&quot;https:\/\/bati-al.fr\/wp-content\/uploads\/2022\/03\/Amilly_2B-_2BAWS_2B60_2BSCP_2B_25281_2529.jpg&quot;);\"><\/div>\n        <div class=\"overlay-layer\">\n          <div class=\"overlay-image-layer\" style=\"background-color: rgb(0, 0, 0); opacity: 0.5;\"><\/div>\n        <\/div>\n      <\/div>\n      <div class=\"background-layer background-layer-media-container\">\n        <div data-enabled=\"true\" data-colibri-component=\"parallax\" class=\"background-layer paraxify\" model-id=\"696-c12\" media=\"mobile\" is-preview=\"true\" style=\"background-image: url(&quot;https:\/\/colibriwp-work.colibriwp.com\/insurance\/wp-content\/uploads\/2020\/06\/excited-buyer-shaking-hands-with-agent-4173198.jpg&quot;);\"><\/div>\n        <div class=\"overlay-layer\">\n          <div class=\"overlay-image-layer\" style=\"background-color: rgb(0, 0, 0); opacity: 0.5;\"><\/div>\n        <\/div>\n      <\/div>\n    <\/div>\n    <!---->\n    <div class=\"h-section-grid-container h-section-boxed-container\">\n      <!---->\n      <div data-colibri-id=\"696-c13\" class=\"h-row-container gutters-row-lg-0 gutters-row-md-0 gutters-row-2 gutters-row-v-lg-0 gutters-row-v-md-0 gutters-row-v-2 style-977 style-local-696-c13 position-relative\">\n        <!---->\n        <div class=\"h-row justify-content-lg-center justify-content-md-center justify-content-center align-items-lg-stretch align-items-md-stretch align-items-stretch gutters-col-lg-0 gutters-col-md-0 gutters-col-2 gutters-col-v-lg-0 gutters-col-v-md-0 gutters-col-v-2\">\n          <!---->\n          <div class=\"h-column h-column-container d-flex h-col-lg-auto h-col-md-auto h-col-auto style-978-outer style-local-696-c14-outer\">\n            <div data-colibri-id=\"696-c14\" class=\"d-flex h-flex-basis h-column__inner h-px-lg-0 h-px-md-0 h-px-2 v-inner-lg-0 v-inner-md-0 v-inner-2 style-978 style-local-696-c14 position-relative\">\n              <!---->\n              <!---->\n              <div class=\"w-100 h-y-container h-column__content h-column__v-align flex-basis-100 align-self-lg-start align-self-md-start align-self-start\">\n                <!---->\n                <div data-colibri-id=\"696-c15\" class=\"h-row-container gutters-row-lg-2 gutters-row-md-2 gutters-row-0 gutters-row-v-lg-3 gutters-row-v-md-3 gutters-row-v-3 style-979 style-local-696-c15 position-relative\">\n                  <!---->\n                  <div class=\"h-row justify-content-lg-center justify-content-md-center justify-content-center align-items-lg-stretch align-items-md-stretch align-items-stretch gutters-col-lg-2 gutters-col-md-2 gutters-col-0 gutters-col-v-lg-3 gutters-col-v-md-3 gutters-col-v-3\">\n                    <!---->\n                    <div class=\"h-column h-column-container d-flex h-col-lg-auto h-col-md-auto h-col-auto style-980-outer style-local-696-c16-outer\">\n                      <div data-colibri-id=\"696-c16\" class=\"d-flex h-flex-basis h-column__inner h-px-lg-2 h-px-md-2 h-px-2 v-inner-lg-3 v-inner-md-3 v-inner-0 style-980 style-local-696-c16 position-relative\">\n                        <!---->\n                        <!---->\n                        <div class=\"w-100 h-y-container h-column__content h-column__v-align flex-basis-auto align-self-lg-start align-self-md-start align-self-start\">\n                          <!---->\n                          <div data-colibri-id=\"696-c17\" class=\"h-global-transition-all h-heading style-981 style-local-696-c17 position-relative h-element\">\n                            <!---->\n                            <div class=\"h-heading__outer style-981 style-local-696-c17\">\n                              <!---->\n                              <!---->\n                              <h2 class=\"\">M\u00f6chten Sie mehr \u00fcber unsere Produkte und Dienstleistungen erfahren?<\/h2>\n                            <\/div>\n                          <\/div>\n                        <\/div>\n                      <\/div>\n                    <\/div>\n                  <\/div>\n                <\/div>\n              <\/div>\n            <\/div>\n          <\/div>\n        <\/div>\n      <\/div>\n    <\/div>\n  <\/div>\n  <div data-colibri-component=\"section\" data-colibri-id=\"696-c18\" id=\"custom\" class=\"h-section h-section-global-spacing d-flex align-items-lg-center align-items-md-center align-items-center style-1439 style-local-696-c18 position-relative\">\n    <!---->\n    <!---->\n    <div class=\"h-section-grid-container h-section-boxed-container\">\n      <!---->\n      <div data-colibri-id=\"696-c19\" class=\"h-row-container gutters-row-lg-2 gutters-row-md-2 gutters-row-0 gutters-row-v-lg-2 gutters-row-v-md-2 gutters-row-v-2 style-1440 style-local-696-c19 position-relative\">\n        <!---->\n        <div class=\"h-row justify-content-lg-center justify-content-md-center justify-content-center align-items-lg-stretch align-items-md-stretch align-items-stretch gutters-col-lg-2 gutters-col-md-2 gutters-col-0 gutters-col-v-lg-2 gutters-col-v-md-2 gutters-col-v-2\">\n          <!---->\n          <div class=\"h-column h-column-container d-flex h-col-lg-auto h-col-md-auto h-col-auto style-1441-outer style-local-696-c20-outer\">\n            <div data-colibri-id=\"696-c20\" class=\"d-flex h-flex-basis h-column__inner h-px-lg-2 h-px-md-2 h-px-2 v-inner-lg-2 v-inner-md-2 v-inner-2 style-1441 style-local-696-c20 position-relative\">\n              <!---->\n              <!---->\n              <div class=\"w-100 h-y-container h-column__content h-column__v-align flex-basis-100 align-self-lg-start align-self-md-start align-self-start\">\n                <!---->\n                <div data-colibri-id=\"696-c21\" class=\"h-text h-text-component style-1442 style-local-696-c21 position-relative h-element\">\n                  <!---->\n                  <!---->\n                  <div class=\"\">\n                    <h2>Fordern Sie ein Angebot an!<\/h2>\n                    <p>\n                      <br>\n                    <\/p>\n                  <\/div>\n                <\/div>\n              <\/div>\n            <\/div>\n          <\/div>\n        <\/div>\n      <\/div>\n      <div data-colibri-id=\"696-c22\" class=\"h-row-container gutters-row-lg-0 gutters-row-md-0 gutters-row-0 gutters-row-v-lg-0 gutters-row-v-md-0 gutters-row-v-0 style-1447 style-local-696-c22 position-relative\">\n        <!---->\n        <div class=\"h-row justify-content-lg-center justify-content-md-center justify-content-center align-items-lg-stretch align-items-md-stretch align-items-stretch gutters-col-lg-0 gutters-col-md-0 gutters-col-0 gutters-col-v-lg-0 gutters-col-v-md-0 gutters-col-v-0\">\n          <!---->\n          <div class=\"h-column h-column-container d-flex h-col-lg-auto h-col-md-auto h-col-auto style-1448-outer style-local-696-c23-outer\">\n            <div data-colibri-id=\"696-c23\" class=\"d-flex h-flex-basis h-column__inner h-px-lg-0 h-px-md-0 h-px-0 v-inner-lg-0 v-inner-md-0 v-inner-0 style-1448 style-local-696-c23 position-relative\">\n              <!---->\n              <!---->\n              <div class=\"w-100 h-y-container h-column__content h-column__v-align flex-basis-100 align-self-lg-start align-self-md-start align-self-start\">\n                <!---->\n                <div data-colibri-id=\"696-c24\" class=\"h-x-container style-983 style-local-696-c24 position-relative h-element\">\n                  <!---->\n                  <div class=\"h-x-container-inner style-dynamic-696-c24-group style-983-spacing style-local-696-c24-spacing\"><span class=\"h-button__outer style-984-outer style-local-696-c25-outer d-inline-flex h-element\"><a h-use-smooth-scroll=\"true\" href=\"https:\/\/bati-al.fr\/index.php\/devis-gratuit\/\"  data-colibri-id=\"696-c25\" class=\"d-flex w-100 align-items-center h-button justify-content-lg-center justify-content-md-center justify-content-center style-984 style-local-696-c25 position-relative\"><!----><!----> <span>SCHREIBEN SIE UNS<\/span><\/a>\n                    <\/span>\n                  <\/div>\n                <\/div>\n              <\/div>\n            <\/div>\n          <\/div>\n        <\/div>\n      <\/div>\n    <\/div>\n  <\/div>\n<\/div>","protected":false},"excerpt":{"rendered":"<p>SCH\u00dcCO AWS 60 Profondeur du syst\u00e8me&nbsp;: 60 mm Largeur de vue min.&nbsp;: 91 mm Valeur Uf cadre \u2265&nbsp;1,7 W\/(m\u00b2\u00b7K) \u00c9paisseur vitrage\/panneau max.&nbsp;50 mm Largeur d\u2019ouvrant max.&nbsp;: 1700 mm Hauteur d\u2019ouvrant max.&nbsp;: 2500 mm Protection acoustique RwP max.&nbsp;: 47 dB(A) Perm\u00e9abilit\u00e9 \u00e0 l\u2019air&nbsp;: Classe 4 \u00c9tanch\u00e9it\u00e9 \u00e0 la pluie battante&nbsp;: Classe 9A Protection anti-effraction&nbsp;: jusqu\u2019\u00e0 RC [&hellip;]<\/p>\n","protected":false},"author":1,"featured_media":1629,"parent":0,"menu_order":0,"comment_status":"closed","ping_status":"closed","template":"page-templates\/full-width-page.php","meta":{"footnotes":""},"class_list":["post-696","page","type-page","status-publish","has-post-thumbnail","hentry"],"_links":{"self":[{"href":"https:\/\/bati-al.fr\/de\/wp-json\/wp\/v2\/pages\/696","targetHints":{"allow":["GET"]}}],"collection":[{"href":"https:\/\/bati-al.fr\/de\/wp-json\/wp\/v2\/pages"}],"about":[{"href":"https:\/\/bati-al.fr\/de\/wp-json\/wp\/v2\/types\/page"}],"author":[{"embeddable":true,"href":"https:\/\/bati-al.fr\/de\/wp-json\/wp\/v2\/users\/1"}],"replies":[{"embeddable":true,"href":"https:\/\/bati-al.fr\/de\/wp-json\/wp\/v2\/comments?post=696"}],"version-history":[{"count":0,"href":"https:\/\/bati-al.fr\/de\/wp-json\/wp\/v2\/pages\/696\/revisions"}],"wp:featuredmedia":[{"embeddable":true,"href":"https:\/\/bati-al.fr\/de\/wp-json\/wp\/v2\/media\/1629"}],"wp:attachment":[{"href":"https:\/\/bati-al.fr\/de\/wp-json\/wp\/v2\/media?parent=696"}],"curies":[{"name":"wp","href":"https:\/\/api.w.org\/{rel}","templated":true}]}}