{"id":6475,"date":"2022-05-10T07:56:06","date_gmt":"2022-05-10T07:56:06","guid":{"rendered":"https:\/\/bati-al.fr\/?page_id=6475"},"modified":"2025-06-05T08:39:35","modified_gmt":"2025-06-05T08:39:35","slug":"renovation-et-optimisation-des-vitrines-commerciales","status":"publish","type":"page","link":"https:\/\/bati-al.fr\/en\/renovation-et-optimisation-des-vitrines-commerciales\/","title":{"rendered":"Renovating and optimising shop windows"},"content":{"rendered":"<div data-colibri-id=\"6475-c1\" class=\"style-3627 style-local-6475-c1 position-relative\">\n  <!---->\n  <div data-colibri-component=\"section\" data-colibri-id=\"6475-c2\" id=\"photo-gallery\" class=\"h-section h-section-global-spacing d-flex align-items-lg-center align-items-md-center align-items-center style-3628 style-local-6475-c2 position-relative\">\n    <!---->\n    <!---->\n    <div class=\"h-section-grid-container h-section-boxed-container\">\n      <!---->\n      <div data-colibri-id=\"6475-c3\" class=\"h-row-container gutters-row-lg-2 gutters-row-md-2 gutters-row-2 gutters-row-v-lg-2 gutters-row-v-md-2 gutters-row-v-2 style-3629 style-local-6475-c3 position-relative\">\n        <!---->\n        <div class=\"h-row justify-content-lg-center justify-content-md-center justify-content-center align-items-lg-stretch align-items-md-stretch align-items-stretch gutters-col-lg-2 gutters-col-md-2 gutters-col-2 gutters-col-v-lg-2 gutters-col-v-md-2 gutters-col-v-2\">\n          <!---->\n          <div class=\"h-column h-column-container d-flex h-col-lg-auto h-col-md-auto h-col-auto style-3630-outer style-local-6475-c4-outer\">\n            <div data-colibri-id=\"6475-c4\" class=\"d-flex h-flex-basis h-column__inner h-px-lg-2 h-px-md-2 h-px-2 v-inner-lg-2 v-inner-md-2 v-inner-2 style-3630 style-local-6475-c4 position-relative\">\n              <!---->\n              <!---->\n              <div class=\"w-100 h-y-container h-column__content h-column__v-align flex-basis-100 align-self-lg-start align-self-md-start align-self-start\">\n                <!---->\n                <div data-colibri-component=\"masonry\" data-colibri-id=\"6475-c5\" class=\"h-photo-gallery margin-none caption-none style-3631 style-local-6475-c5 position-relative h-element\">\n                  <!---->\n                  <div class=\"h-global-transition-all caption-wrapper-full\"><div id='colibri-6475-c5' class='gallery-wrapper'>    <style type=\"text\/css\">\n\n        @media (min-width: 1023px) {        #colibri-6475-c5        dl {\n            float: left;\n            width: 33.333333333333% !important;\n            max-width: 33.333333333333% !important;\n            min-width: 33.333333333333% !important;\n        }\n\n        #colibri-6475-c5        dl:nth-of-type(3n +1 ) {\n            clear: both;\n        }\n\n        }@media (min-width: 768px) and (max-width: 1023px) {        #colibri-6475-c5        dl {\n            float: left;\n            width: 33.333333333333% !important;\n            max-width: 33.333333333333% !important;\n            min-width: 33.333333333333% !important;\n        }\n\n        #colibri-6475-c5        dl:nth-of-type(3n +1 ) {\n            clear: both;\n        }\n\n        }@media (max-width: 767px) {        #colibri-6475-c5        dl {\n            float: left;\n            width: 50% !important;\n            max-width: 50% !important;\n            min-width: 50% !important;\n        }\n\n        #colibri-6475-c5        dl:nth-of-type(2n +1 ) {\n            clear: both;\n        }\n\n        }\n        #colibri-6475-c5        .gallery-item {\n            position: relative;\n        }\n\n        \n    <\/style>\n    <div   class='colibri-6475-c5-dls-wrapper gallery-items-wrapper' ><dl class='gallery-item masonry-item'>\n\t\t\t<dt class='gallery-icon portrait'>\n\t\t\t\t<a data-fancybox=\"colibri-6475-c5-group\" href='https:\/\/bati-al.fr\/wp-content\/uploads\/2025\/06\/1731496747909.jpg'><img loading=\"lazy\" decoding=\"async\"  width=\"1200\" height=\"1600\" src=\"https:\/\/bati-al.fr\/wp-content\/uploads\/2025\/06\/1731496747909.jpg\"  class='colibri-6475-c5-image' alt=\"\" srcset=\"https:\/\/bati-al.fr\/wp-content\/uploads\/2025\/06\/1731496747909.jpg 1200w, https:\/\/bati-al.fr\/wp-content\/uploads\/2025\/06\/1731496747909-225x300.jpg 225w, https:\/\/bati-al.fr\/wp-content\/uploads\/2025\/06\/1731496747909-768x1024.jpg 768w, https:\/\/bati-al.fr\/wp-content\/uploads\/2025\/06\/1731496747909-1152x1536.jpg 1152w, https:\/\/bati-al.fr\/wp-content\/uploads\/2025\/06\/1731496747909-9x12.jpg 9w\" sizes=\"auto, (max-width: 1200px) 100vw, 1200px\" \/><\/a>\n\t\t\t<\/dt><\/dl><dl class='gallery-item masonry-item'>\n\t\t\t<dt class='gallery-icon portrait'>\n\t\t\t\t<a data-fancybox=\"colibri-6475-c5-group\" href='https:\/\/bati-al.fr\/wp-content\/uploads\/2025\/06\/1731496748049-1.jpg'><img loading=\"lazy\" decoding=\"async\"  width=\"1200\" height=\"1600\" src=\"https:\/\/bati-al.fr\/wp-content\/uploads\/2025\/06\/1731496748049-1.jpg\"  class='colibri-6475-c5-image' alt=\"\" srcset=\"https:\/\/bati-al.fr\/wp-content\/uploads\/2025\/06\/1731496748049-1.jpg 1200w, https:\/\/bati-al.fr\/wp-content\/uploads\/2025\/06\/1731496748049-1-225x300.jpg 225w, https:\/\/bati-al.fr\/wp-content\/uploads\/2025\/06\/1731496748049-1-768x1024.jpg 768w, https:\/\/bati-al.fr\/wp-content\/uploads\/2025\/06\/1731496748049-1-1152x1536.jpg 1152w, https:\/\/bati-al.fr\/wp-content\/uploads\/2025\/06\/1731496748049-1-9x12.jpg 9w\" sizes=\"auto, (max-width: 1200px) 100vw, 1200px\" \/><\/a>\n\t\t\t<\/dt><\/dl><dl class='gallery-item masonry-item'>\n\t\t\t<dt class='gallery-icon landscape'>\n\t\t\t\t<a data-fancybox=\"colibri-6475-c5-group\" href='https:\/\/bati-al.fr\/wp-content\/uploads\/2025\/06\/1731496747955.jpg'><img loading=\"lazy\" decoding=\"async\"  width=\"1245\" height=\"876\" src=\"https:\/\/bati-al.fr\/wp-content\/uploads\/2025\/06\/1731496747955.jpg\"  class='colibri-6475-c5-image' alt=\"\" srcset=\"https:\/\/bati-al.fr\/wp-content\/uploads\/2025\/06\/1731496747955.jpg 1245w, https:\/\/bati-al.fr\/wp-content\/uploads\/2025\/06\/1731496747955-300x211.jpg 300w, https:\/\/bati-al.fr\/wp-content\/uploads\/2025\/06\/1731496747955-1024x721.jpg 1024w, https:\/\/bati-al.fr\/wp-content\/uploads\/2025\/06\/1731496747955-768x540.jpg 768w, https:\/\/bati-al.fr\/wp-content\/uploads\/2025\/06\/1731496747955-18x12.jpg 18w\" sizes=\"auto, (max-width: 1245px) 100vw, 1245px\" \/><\/a>\n\t\t\t<\/dt><\/dl><dl class='gallery-item masonry-item'>\n\t\t\t<dt class='gallery-icon landscape'>\n\t\t\t\t<a data-fancybox=\"colibri-6475-c5-group\" href='https:\/\/bati-al.fr\/wp-content\/uploads\/2025\/06\/1731496748397.jpg'><img loading=\"lazy\" decoding=\"async\"  width=\"2048\" height=\"1536\" src=\"https:\/\/bati-al.fr\/wp-content\/uploads\/2025\/06\/1731496748397.jpg\"  class='colibri-6475-c5-image' alt=\"\" srcset=\"https:\/\/bati-al.fr\/wp-content\/uploads\/2025\/06\/1731496748397.jpg 2048w, https:\/\/bati-al.fr\/wp-content\/uploads\/2025\/06\/1731496748397-300x225.jpg 300w, https:\/\/bati-al.fr\/wp-content\/uploads\/2025\/06\/1731496748397-1024x768.jpg 1024w, https:\/\/bati-al.fr\/wp-content\/uploads\/2025\/06\/1731496748397-768x576.jpg 768w, https:\/\/bati-al.fr\/wp-content\/uploads\/2025\/06\/1731496748397-1536x1152.jpg 1536w, https:\/\/bati-al.fr\/wp-content\/uploads\/2025\/06\/1731496748397-16x12.jpg 16w\" sizes=\"auto, (max-width: 2048px) 100vw, 2048px\" \/><\/a>\n\t\t\t<\/dt><\/dl>\n\t\t<\/div>\n<style>#colibri-6475-c5 .wp-caption-text.gallery-caption{display:none;}<\/style><\/div><\/div>\n                <\/div>\n              <\/div>\n            <\/div>\n          <\/div>\n        <\/div>\n      <\/div>\n    <\/div>\n  <\/div>\n  <div data-colibri-component=\"section\" data-colibri-id=\"6475-c6\" id=\"custom\" class=\"h-section h-section-global-spacing d-flex align-items-lg-center align-items-md-center align-items-center style-3632 style-local-6475-c6 position-relative\">\n    <!---->\n    <!---->\n    <div class=\"h-section-grid-container h-section-boxed-container\">\n      <!---->\n      <div data-colibri-id=\"6475-c7\" class=\"h-row-container gutters-row-lg-2 gutters-row-md-2 gutters-row-0 gutters-row-v-lg-2 gutters-row-v-md-2 gutters-row-v-2 style-3633 style-local-6475-c7 position-relative\">\n        <!---->\n        <div class=\"h-row justify-content-lg-center justify-content-md-center justify-content-center align-items-lg-stretch align-items-md-stretch align-items-stretch gutters-col-lg-2 gutters-col-md-2 gutters-col-0 gutters-col-v-lg-2 gutters-col-v-md-2 gutters-col-v-2\">\n          <!---->\n          <div class=\"h-column h-column-container d-flex h-col-lg-auto h-col-md-auto h-col-auto style-3634-outer style-local-6475-c8-outer\">\n            <div data-colibri-id=\"6475-c8\" class=\"d-flex h-flex-basis h-column__inner h-px-lg-2 h-px-md-2 h-px-2 v-inner-lg-2 v-inner-md-2 v-inner-2 style-3634 style-local-6475-c8 position-relative\">\n              <!---->\n              <!---->\n              <div class=\"w-100 h-y-container h-column__content h-column__v-align flex-basis-100 align-self-lg-start align-self-md-start align-self-start\">\n                <!---->\n                <div data-colibri-id=\"6475-c9\" class=\"h-text h-text-component style-3635 style-local-6475-c9 position-relative h-element\">\n                  <!---->\n                  <!---->\n                  <div class=\"\">\n                    <h4><span style=\"color: rgb(0, 0, 0);\">Renovating and optimising shop windows<\/span><\/h4>\n                    <p><strong style=\"color: rgb(0, 0, 0);\">Description<\/strong><span style=\"color: rgb(0, 0, 0);\">: <\/span><span style=\"color: rgb(0, 0, 0);\">We offer tailor-made solutions to modernise your commercial windows, improving energy efficiency, safety and aesthetics. Each project is managed from A to Z for optimum results. Give your shop a fresh, high-performance image.<\/span><\/p>\n                    <p><strong style=\"color: rgb(0, 0, 0); font-weight: 700;\">Project status :<\/strong><span style=\"color: rgb(0, 0, 0);\">&nbsp;Finalised<\/span><\/p>\n                  <\/div>\n                <\/div>\n              <\/div>\n            <\/div>\n          <\/div>\n        <\/div>\n      <\/div>\n    <\/div>\n  <\/div>\n<\/div>","protected":false},"excerpt":{"rendered":"<p>R\u00e9novation et optimisation des vitrines commerciales Description: Nous proposons des solutions sur mesure pour moderniser vos vitrines commerciales, en am\u00e9liorant l\u2019efficacit\u00e9 \u00e9nerg\u00e9tique, la s\u00e9curit\u00e9 et l\u2019esth\u00e9tique. Chaque projet est g\u00e9r\u00e9 de A \u00e0 Z pour un r\u00e9sultat optimal. Offrez \u00e0 votre magasin une image renouvel\u00e9e et performante. Statut du projet :&nbsp;Finalis\u00e9<\/p>","protected":false},"author":1,"featured_media":0,"parent":0,"menu_order":0,"comment_status":"closed","ping_status":"closed","template":"page-templates\/full-width-page.php","meta":{"footnotes":""},"class_list":["post-6475","page","type-page","status-publish","hentry"],"_links":{"self":[{"href":"https:\/\/bati-al.fr\/en\/wp-json\/wp\/v2\/pages\/6475","targetHints":{"allow":["GET"]}}],"collection":[{"href":"https:\/\/bati-al.fr\/en\/wp-json\/wp\/v2\/pages"}],"about":[{"href":"https:\/\/bati-al.fr\/en\/wp-json\/wp\/v2\/types\/page"}],"author":[{"embeddable":true,"href":"https:\/\/bati-al.fr\/en\/wp-json\/wp\/v2\/users\/1"}],"replies":[{"embeddable":true,"href":"https:\/\/bati-al.fr\/en\/wp-json\/wp\/v2\/comments?post=6475"}],"version-history":[{"count":0,"href":"https:\/\/bati-al.fr\/en\/wp-json\/wp\/v2\/pages\/6475\/revisions"}],"wp:attachment":[{"href":"https:\/\/bati-al.fr\/en\/wp-json\/wp\/v2\/media?parent=6475"}],"curies":[{"name":"wp","href":"https:\/\/api.w.org\/{rel}","templated":true}]}}