{"id":6525,"date":"2022-05-10T07:56:06","date_gmt":"2022-05-10T07:56:06","guid":{"rendered":"https:\/\/bati-al.fr\/?page_id=6525"},"modified":"2025-06-05T08:51:28","modified_gmt":"2025-06-05T08:51:28","slug":"premier-projet-technique-en-allemagne-hanau","status":"publish","type":"page","link":"https:\/\/bati-al.fr\/en\/premier-projet-technique-en-allemagne-hanau\/","title":{"rendered":"First technical project in Germany - Hanau"},"content":{"rendered":"<div data-colibri-id=\"6525-c1\" class=\"style-3637 style-local-6525-c1 position-relative\">\n  <!---->\n  <div data-colibri-component=\"section\" data-colibri-id=\"6525-c2\" id=\"photo-gallery\" class=\"h-section h-section-global-spacing d-flex align-items-lg-center align-items-md-center align-items-center style-3638 style-local-6525-c2 position-relative\">\n    <!---->\n    <!---->\n    <div class=\"h-section-grid-container h-section-boxed-container\">\n      <!---->\n      <div data-colibri-id=\"6525-c3\" class=\"h-row-container gutters-row-lg-2 gutters-row-md-2 gutters-row-2 gutters-row-v-lg-2 gutters-row-v-md-2 gutters-row-v-2 style-3639 style-local-6525-c3 position-relative\">\n        <!---->\n        <div class=\"h-row justify-content-lg-center justify-content-md-center justify-content-center align-items-lg-stretch align-items-md-stretch align-items-stretch gutters-col-lg-2 gutters-col-md-2 gutters-col-2 gutters-col-v-lg-2 gutters-col-v-md-2 gutters-col-v-2\">\n          <!---->\n          <div class=\"h-column h-column-container d-flex h-col-lg-auto h-col-md-auto h-col-auto style-3640-outer style-local-6525-c4-outer\">\n            <div data-colibri-id=\"6525-c4\" class=\"d-flex h-flex-basis h-column__inner h-px-lg-2 h-px-md-2 h-px-2 v-inner-lg-2 v-inner-md-2 v-inner-2 style-3640 style-local-6525-c4 position-relative\">\n              <!---->\n              <!---->\n              <div class=\"w-100 h-y-container h-column__content h-column__v-align flex-basis-100 align-self-lg-start align-self-md-start align-self-start\">\n                <!---->\n                <div data-colibri-component=\"masonry\" data-colibri-id=\"6525-c5\" class=\"h-photo-gallery margin-none caption-none style-3641 style-local-6525-c5 position-relative h-element\">\n                  <!---->\n                  <div class=\"h-global-transition-all caption-wrapper-full\"><div id='colibri-6525-c5' class='gallery-wrapper'>    <style type=\"text\/css\">\n\n        @media (min-width: 1023px) {        #colibri-6525-c5        dl {\n            float: left;\n            width: 25% !important;\n            max-width: 25% !important;\n            min-width: 25% !important;\n        }\n\n        #colibri-6525-c5        dl:nth-of-type(4n +1 ) {\n            clear: both;\n        }\n\n        }@media (min-width: 768px) and (max-width: 1023px) {        #colibri-6525-c5        dl {\n            float: left;\n            width: 25% !important;\n            max-width: 25% !important;\n            min-width: 25% !important;\n        }\n\n        #colibri-6525-c5        dl:nth-of-type(4n +1 ) {\n            clear: both;\n        }\n\n        }@media (max-width: 767px) {        #colibri-6525-c5        dl {\n            float: left;\n            width: 50% !important;\n            max-width: 50% !important;\n            min-width: 50% !important;\n        }\n\n        #colibri-6525-c5        dl:nth-of-type(2n +1 ) {\n            clear: both;\n        }\n\n        }\n        #colibri-6525-c5        .gallery-item {\n            position: relative;\n        }\n\n        \n    <\/style>\n    <div   class='colibri-6525-c5-dls-wrapper gallery-items-wrapper' ><dl class='gallery-item masonry-item'>\n\t\t\t<dt class='gallery-icon landscape'>\n\t\t\t\t<a data-fancybox=\"colibri-6525-c5-group\" href='https:\/\/bati-al.fr\/wp-content\/uploads\/2025\/06\/1743156450591.jpg'><img loading=\"lazy\" decoding=\"async\"  width=\"1600\" height=\"720\" src=\"https:\/\/bati-al.fr\/wp-content\/uploads\/2025\/06\/1743156450591.jpg\"  class='colibri-6525-c5-image' alt=\"\" srcset=\"https:\/\/bati-al.fr\/wp-content\/uploads\/2025\/06\/1743156450591.jpg 1600w, https:\/\/bati-al.fr\/wp-content\/uploads\/2025\/06\/1743156450591-300x135.jpg 300w, https:\/\/bati-al.fr\/wp-content\/uploads\/2025\/06\/1743156450591-1024x461.jpg 1024w, https:\/\/bati-al.fr\/wp-content\/uploads\/2025\/06\/1743156450591-768x346.jpg 768w, https:\/\/bati-al.fr\/wp-content\/uploads\/2025\/06\/1743156450591-1536x691.jpg 1536w, https:\/\/bati-al.fr\/wp-content\/uploads\/2025\/06\/1743156450591-18x8.jpg 18w\" sizes=\"auto, (max-width: 1600px) 100vw, 1600px\" \/><\/a>\n\t\t\t<\/dt><\/dl><dl class='gallery-item masonry-item'>\n\t\t\t<dt class='gallery-icon portrait'>\n\t\t\t\t<a data-fancybox=\"colibri-6525-c5-group\" href='https:\/\/bati-al.fr\/wp-content\/uploads\/2025\/06\/1743156451007.jpg'><img loading=\"lazy\" decoding=\"async\"  width=\"1200\" height=\"1433\" src=\"https:\/\/bati-al.fr\/wp-content\/uploads\/2025\/06\/1743156451007.jpg\"  class='colibri-6525-c5-image' alt=\"\" srcset=\"https:\/\/bati-al.fr\/wp-content\/uploads\/2025\/06\/1743156451007.jpg 1200w, https:\/\/bati-al.fr\/wp-content\/uploads\/2025\/06\/1743156451007-251x300.jpg 251w, https:\/\/bati-al.fr\/wp-content\/uploads\/2025\/06\/1743156451007-858x1024.jpg 858w, https:\/\/bati-al.fr\/wp-content\/uploads\/2025\/06\/1743156451007-768x917.jpg 768w, https:\/\/bati-al.fr\/wp-content\/uploads\/2025\/06\/1743156451007-10x12.jpg 10w\" sizes=\"auto, (max-width: 1200px) 100vw, 1200px\" \/><\/a>\n\t\t\t<\/dt><\/dl><dl class='gallery-item masonry-item'>\n\t\t\t<dt class='gallery-icon landscape'>\n\t\t\t\t<a data-fancybox=\"colibri-6525-c5-group\" href='https:\/\/bati-al.fr\/wp-content\/uploads\/2025\/06\/1743156451199.jpg'><img loading=\"lazy\" decoding=\"async\"  width=\"2000\" height=\"1500\" src=\"https:\/\/bati-al.fr\/wp-content\/uploads\/2025\/06\/1743156451199.jpg\"  class='colibri-6525-c5-image' alt=\"\" srcset=\"https:\/\/bati-al.fr\/wp-content\/uploads\/2025\/06\/1743156451199.jpg 2000w, https:\/\/bati-al.fr\/wp-content\/uploads\/2025\/06\/1743156451199-300x225.jpg 300w, https:\/\/bati-al.fr\/wp-content\/uploads\/2025\/06\/1743156451199-1024x768.jpg 1024w, https:\/\/bati-al.fr\/wp-content\/uploads\/2025\/06\/1743156451199-768x576.jpg 768w, https:\/\/bati-al.fr\/wp-content\/uploads\/2025\/06\/1743156451199-1536x1152.jpg 1536w, https:\/\/bati-al.fr\/wp-content\/uploads\/2025\/06\/1743156451199-16x12.jpg 16w\" sizes=\"auto, (max-width: 2000px) 100vw, 2000px\" \/><\/a>\n\t\t\t<\/dt><\/dl><dl class='gallery-item masonry-item'>\n\t\t\t<dt class='gallery-icon portrait'>\n\t\t\t\t<a data-fancybox=\"colibri-6525-c5-group\" href='https:\/\/bati-al.fr\/wp-content\/uploads\/2025\/06\/1743156452061.jpg'><img loading=\"lazy\" decoding=\"async\"  width=\"1280\" height=\"1810\" src=\"https:\/\/bati-al.fr\/wp-content\/uploads\/2025\/06\/1743156452061.jpg\"  class='colibri-6525-c5-image' alt=\"\" srcset=\"https:\/\/bati-al.fr\/wp-content\/uploads\/2025\/06\/1743156452061.jpg 1280w, https:\/\/bati-al.fr\/wp-content\/uploads\/2025\/06\/1743156452061-212x300.jpg 212w, https:\/\/bati-al.fr\/wp-content\/uploads\/2025\/06\/1743156452061-724x1024.jpg 724w, https:\/\/bati-al.fr\/wp-content\/uploads\/2025\/06\/1743156452061-768x1086.jpg 768w, https:\/\/bati-al.fr\/wp-content\/uploads\/2025\/06\/1743156452061-1086x1536.jpg 1086w, https:\/\/bati-al.fr\/wp-content\/uploads\/2025\/06\/1743156452061-8x12.jpg 8w\" sizes=\"auto, (max-width: 1280px) 100vw, 1280px\" \/><\/a>\n\t\t\t<\/dt><\/dl><dl class='gallery-item masonry-item'>\n\t\t\t<dt class='gallery-icon landscape'>\n\t\t\t\t<a data-fancybox=\"colibri-6525-c5-group\" href='https:\/\/bati-al.fr\/wp-content\/uploads\/2025\/06\/1743156451655.jpg'><img loading=\"lazy\" decoding=\"async\"  width=\"2048\" height=\"1447\" src=\"https:\/\/bati-al.fr\/wp-content\/uploads\/2025\/06\/1743156451655.jpg\"  class='colibri-6525-c5-image' alt=\"\" srcset=\"https:\/\/bati-al.fr\/wp-content\/uploads\/2025\/06\/1743156451655.jpg 2048w, https:\/\/bati-al.fr\/wp-content\/uploads\/2025\/06\/1743156451655-300x212.jpg 300w, https:\/\/bati-al.fr\/wp-content\/uploads\/2025\/06\/1743156451655-1024x724.jpg 1024w, https:\/\/bati-al.fr\/wp-content\/uploads\/2025\/06\/1743156451655-768x543.jpg 768w, https:\/\/bati-al.fr\/wp-content\/uploads\/2025\/06\/1743156451655-1536x1085.jpg 1536w, https:\/\/bati-al.fr\/wp-content\/uploads\/2025\/06\/1743156451655-18x12.jpg 18w\" sizes=\"auto, (max-width: 2048px) 100vw, 2048px\" \/><\/a>\n\t\t\t<\/dt><\/dl><dl class='gallery-item masonry-item'>\n\t\t\t<dt class='gallery-icon portrait'>\n\t\t\t\t<a data-fancybox=\"colibri-6525-c5-group\" href='https:\/\/bati-al.fr\/wp-content\/uploads\/2025\/06\/1743156452770.jpg'><img loading=\"lazy\" decoding=\"async\"  width=\"1280\" height=\"1809\" src=\"https:\/\/bati-al.fr\/wp-content\/uploads\/2025\/06\/1743156452770.jpg\"  class='colibri-6525-c5-image' alt=\"\" srcset=\"https:\/\/bati-al.fr\/wp-content\/uploads\/2025\/06\/1743156452770.jpg 1280w, https:\/\/bati-al.fr\/wp-content\/uploads\/2025\/06\/1743156452770-212x300.jpg 212w, https:\/\/bati-al.fr\/wp-content\/uploads\/2025\/06\/1743156452770-725x1024.jpg 725w, https:\/\/bati-al.fr\/wp-content\/uploads\/2025\/06\/1743156452770-768x1085.jpg 768w, https:\/\/bati-al.fr\/wp-content\/uploads\/2025\/06\/1743156452770-1087x1536.jpg 1087w, https:\/\/bati-al.fr\/wp-content\/uploads\/2025\/06\/1743156452770-8x12.jpg 8w\" sizes=\"auto, (max-width: 1280px) 100vw, 1280px\" \/><\/a>\n\t\t\t<\/dt><\/dl><dl class='gallery-item masonry-item'>\n\t\t\t<dt class='gallery-icon portrait'>\n\t\t\t\t<a data-fancybox=\"colibri-6525-c5-group\" href='https:\/\/bati-al.fr\/wp-content\/uploads\/2025\/06\/1743156451549.jpg'><img loading=\"lazy\" decoding=\"async\"  width=\"1280\" height=\"1706\" src=\"https:\/\/bati-al.fr\/wp-content\/uploads\/2025\/06\/1743156451549.jpg\"  class='colibri-6525-c5-image' alt=\"\" srcset=\"https:\/\/bati-al.fr\/wp-content\/uploads\/2025\/06\/1743156451549.jpg 1280w, https:\/\/bati-al.fr\/wp-content\/uploads\/2025\/06\/1743156451549-225x300.jpg 225w, https:\/\/bati-al.fr\/wp-content\/uploads\/2025\/06\/1743156451549-768x1024.jpg 768w, https:\/\/bati-al.fr\/wp-content\/uploads\/2025\/06\/1743156451549-1152x1536.jpg 1152w, https:\/\/bati-al.fr\/wp-content\/uploads\/2025\/06\/1743156451549-9x12.jpg 9w\" sizes=\"auto, (max-width: 1280px) 100vw, 1280px\" \/><\/a>\n\t\t\t<\/dt><\/dl><dl class='gallery-item masonry-item'>\n\t\t\t<dt class='gallery-icon landscape'>\n\t\t\t\t<a data-fancybox=\"colibri-6525-c5-group\" href='https:\/\/bati-al.fr\/wp-content\/uploads\/2025\/06\/1743156451362.jpg'><img loading=\"lazy\" decoding=\"async\"  width=\"2048\" height=\"1536\" src=\"https:\/\/bati-al.fr\/wp-content\/uploads\/2025\/06\/1743156451362.jpg\"  class='colibri-6525-c5-image' alt=\"\" srcset=\"https:\/\/bati-al.fr\/wp-content\/uploads\/2025\/06\/1743156451362.jpg 2048w, https:\/\/bati-al.fr\/wp-content\/uploads\/2025\/06\/1743156451362-300x225.jpg 300w, https:\/\/bati-al.fr\/wp-content\/uploads\/2025\/06\/1743156451362-1024x768.jpg 1024w, https:\/\/bati-al.fr\/wp-content\/uploads\/2025\/06\/1743156451362-768x576.jpg 768w, https:\/\/bati-al.fr\/wp-content\/uploads\/2025\/06\/1743156451362-1536x1152.jpg 1536w, https:\/\/bati-al.fr\/wp-content\/uploads\/2025\/06\/1743156451362-16x12.jpg 16w\" sizes=\"auto, (max-width: 2048px) 100vw, 2048px\" \/><\/a>\n\t\t\t<\/dt><\/dl><dl class='gallery-item masonry-item'>\n\t\t\t<dt class='gallery-icon portrait'>\n\t\t\t\t<a data-fancybox=\"colibri-6525-c5-group\" href='https:\/\/bati-al.fr\/wp-content\/uploads\/2025\/06\/1743156450642.jpg'><img loading=\"lazy\" decoding=\"async\"  width=\"899\" height=\"1599\" src=\"https:\/\/bati-al.fr\/wp-content\/uploads\/2025\/06\/1743156450642.jpg\"  class='colibri-6525-c5-image' alt=\"\" srcset=\"https:\/\/bati-al.fr\/wp-content\/uploads\/2025\/06\/1743156450642.jpg 899w, https:\/\/bati-al.fr\/wp-content\/uploads\/2025\/06\/1743156450642-169x300.jpg 169w, https:\/\/bati-al.fr\/wp-content\/uploads\/2025\/06\/1743156450642-576x1024.jpg 576w, https:\/\/bati-al.fr\/wp-content\/uploads\/2025\/06\/1743156450642-768x1366.jpg 768w, https:\/\/bati-al.fr\/wp-content\/uploads\/2025\/06\/1743156450642-864x1536.jpg 864w, https:\/\/bati-al.fr\/wp-content\/uploads\/2025\/06\/1743156450642-7x12.jpg 7w\" sizes=\"auto, (max-width: 899px) 100vw, 899px\" \/><\/a>\n\t\t\t<\/dt><\/dl>\n\t\t\t\n\t\t<\/div>\n<style>#colibri-6525-c5 .wp-caption-text.gallery-caption{display:none;}<\/style><\/div><\/div>\n                <\/div>\n              <\/div>\n            <\/div>\n          <\/div>\n        <\/div>\n      <\/div>\n    <\/div>\n  <\/div>\n  <div data-colibri-component=\"section\" data-colibri-id=\"6525-c6\" id=\"custom\" class=\"h-section h-section-global-spacing d-flex align-items-lg-center align-items-md-center align-items-center style-3642 style-local-6525-c6 position-relative\">\n    <!---->\n    <!---->\n    <div class=\"h-section-grid-container h-section-boxed-container\">\n      <!---->\n      <div data-colibri-id=\"6525-c7\" class=\"h-row-container gutters-row-lg-2 gutters-row-md-2 gutters-row-0 gutters-row-v-lg-2 gutters-row-v-md-2 gutters-row-v-2 style-3643 style-local-6525-c7 position-relative\">\n        <!---->\n        <div class=\"h-row justify-content-lg-center justify-content-md-center justify-content-center align-items-lg-stretch align-items-md-stretch align-items-stretch gutters-col-lg-2 gutters-col-md-2 gutters-col-0 gutters-col-v-lg-2 gutters-col-v-md-2 gutters-col-v-2\">\n          <!---->\n          <div class=\"h-column h-column-container d-flex h-col-lg-auto h-col-md-auto h-col-auto style-3644-outer style-local-6525-c8-outer\">\n            <div data-colibri-id=\"6525-c8\" class=\"d-flex h-flex-basis h-column__inner h-px-lg-2 h-px-md-2 h-px-2 v-inner-lg-2 v-inner-md-2 v-inner-2 style-3644 style-local-6525-c8 position-relative\">\n              <!---->\n              <!---->\n              <div class=\"w-100 h-y-container h-column__content h-column__v-align flex-basis-100 align-self-lg-start align-self-md-start align-self-start\">\n                <!---->\n                <div data-colibri-id=\"6525-c9\" class=\"h-text h-text-component style-3645 style-local-6525-c9 position-relative h-element\">\n                  <!---->\n                  <!---->\n                  <div class=\"\">\n                    <h4><span style=\"color: rgb(0, 0, 0);\">First technical project in Germany - Hanau<\/span><\/h4>\n                    <p><strong style=\"color: rgb(0, 0, 0);\">Description<\/strong><span style=\"color: rgb(0, 0, 0);\">: <\/span><span style=\"color: rgb(0, 0, 0);\">Promising start to our first project in Hanau, Germany, in partnership with ITERCON. We are involved in the entire technical package: external joinery, curtain walls, burglar-proof glazing and triple glazing with solar protection. A project with high standards, rigorously managed from design to preparation for installation.<\/span><\/p>\n                    <p><strong style=\"color: rgb(0, 0, 0); font-weight: 700;\">Project status :<\/strong><span style=\"color: rgb(0, 0, 0);\">&nbsp;Finalised<\/span><\/p>\n                  <\/div>\n                <\/div>\n              <\/div>\n            <\/div>\n          <\/div>\n        <\/div>\n      <\/div>\n    <\/div>\n  <\/div>\n<\/div>","protected":false},"excerpt":{"rendered":"<p>Premier projet technique en Allemagne \u2013 Hanau Description: D\u00e9but prometteur de notre premier projet en Allemagne, \u00e0 Hanau, en partenariat avec ITERCON. Nous intervenons sur l\u2019ensemble du lot technique : menuiseries ext\u00e9rieures, murs-rideaux, vitrages anti-effraction et triple vitrage avec protection solaire. Un projet aux exigences \u00e9lev\u00e9es, men\u00e9 avec rigueur, de la conception \u00e0 la pr\u00e9paration [&hellip;]<\/p>\n","protected":false},"author":1,"featured_media":0,"parent":0,"menu_order":0,"comment_status":"closed","ping_status":"closed","template":"page-templates\/full-width-page.php","meta":{"footnotes":""},"class_list":["post-6525","page","type-page","status-publish","hentry"],"_links":{"self":[{"href":"https:\/\/bati-al.fr\/en\/wp-json\/wp\/v2\/pages\/6525","targetHints":{"allow":["GET"]}}],"collection":[{"href":"https:\/\/bati-al.fr\/en\/wp-json\/wp\/v2\/pages"}],"about":[{"href":"https:\/\/bati-al.fr\/en\/wp-json\/wp\/v2\/types\/page"}],"author":[{"embeddable":true,"href":"https:\/\/bati-al.fr\/en\/wp-json\/wp\/v2\/users\/1"}],"replies":[{"embeddable":true,"href":"https:\/\/bati-al.fr\/en\/wp-json\/wp\/v2\/comments?post=6525"}],"version-history":[{"count":0,"href":"https:\/\/bati-al.fr\/en\/wp-json\/wp\/v2\/pages\/6525\/revisions"}],"wp:attachment":[{"href":"https:\/\/bati-al.fr\/en\/wp-json\/wp\/v2\/media?parent=6525"}],"curies":[{"name":"wp","href":"https:\/\/api.w.org\/{rel}","templated":true}]}}