{"id":6713,"date":"2022-05-10T07:56:06","date_gmt":"2022-05-10T07:56:06","guid":{"rendered":"https:\/\/bati-al.fr\/?page_id=6713"},"modified":"2025-06-05T10:33:37","modified_gmt":"2025-06-05T10:33:37","slug":"projet-nemours","status":"publish","type":"page","link":"https:\/\/bati-al.fr\/it\/projet-nemours\/","title":{"rendered":"Progetto Nemours"},"content":{"rendered":"<div data-colibri-id=\"6713-c1\" class=\"style-3677 style-local-6713-c1 position-relative\">\n  <!---->\n  <div data-colibri-component=\"section\" data-colibri-id=\"6713-c2\" id=\"photo-gallery\" class=\"h-section h-section-global-spacing d-flex align-items-lg-center align-items-md-center align-items-center style-3678 style-local-6713-c2 position-relative\">\n    <!---->\n    <!---->\n    <div class=\"h-section-grid-container h-section-boxed-container\">\n      <!---->\n      <div data-colibri-id=\"6713-c3\" class=\"h-row-container gutters-row-lg-2 gutters-row-md-2 gutters-row-2 gutters-row-v-lg-2 gutters-row-v-md-2 gutters-row-v-2 style-3679 style-local-6713-c3 position-relative\">\n        <!---->\n        <div class=\"h-row justify-content-lg-center justify-content-md-center justify-content-center align-items-lg-stretch align-items-md-stretch align-items-stretch gutters-col-lg-2 gutters-col-md-2 gutters-col-2 gutters-col-v-lg-2 gutters-col-v-md-2 gutters-col-v-2\">\n          <!---->\n          <div class=\"h-column h-column-container d-flex h-col-lg-auto h-col-md-auto h-col-auto style-3680-outer style-local-6713-c4-outer\">\n            <div data-colibri-id=\"6713-c4\" class=\"d-flex h-flex-basis h-column__inner h-px-lg-2 h-px-md-2 h-px-2 v-inner-lg-2 v-inner-md-2 v-inner-2 style-3680 style-local-6713-c4 position-relative\">\n              <!---->\n              <!---->\n              <div class=\"w-100 h-y-container h-column__content h-column__v-align flex-basis-100 align-self-lg-start align-self-md-start align-self-start\">\n                <!---->\n                <div data-colibri-component=\"masonry\" data-colibri-id=\"6713-c5\" class=\"h-photo-gallery margin-none caption-none style-3681 style-local-6713-c5 position-relative h-element\">\n                  <!---->\n                  <div class=\"h-global-transition-all caption-wrapper-full\"><div id='colibri-6713-c5' class='gallery-wrapper'>    <style type=\"text\/css\">\n\n        @media (min-width: 1023px) {        #colibri-6713-c5        dl {\n            float: left;\n            width: 20% !important;\n            max-width: 20% !important;\n            min-width: 20% !important;\n        }\n\n        #colibri-6713-c5        dl:nth-of-type(5n +1 ) {\n            clear: both;\n        }\n\n        }@media (min-width: 768px) and (max-width: 1023px) {        #colibri-6713-c5        dl {\n            float: left;\n            width: 20% !important;\n            max-width: 20% !important;\n            min-width: 20% !important;\n        }\n\n        #colibri-6713-c5        dl:nth-of-type(5n +1 ) {\n            clear: both;\n        }\n\n        }@media (max-width: 767px) {        #colibri-6713-c5        dl {\n            float: left;\n            width: 50% !important;\n            max-width: 50% !important;\n            min-width: 50% !important;\n        }\n\n        #colibri-6713-c5        dl:nth-of-type(2n +1 ) {\n            clear: both;\n        }\n\n        }\n        #colibri-6713-c5        .gallery-item {\n            position: relative;\n        }\n\n        \n    <\/style>\n    <div   class='colibri-6713-c5-dls-wrapper gallery-items-wrapper' ><dl class='gallery-item masonry-item'>\n\t\t\t<dt class='gallery-icon landscape'>\n\t\t\t\t<a data-fancybox=\"colibri-6713-c5-group\" href='https:\/\/bati-al.fr\/wp-content\/uploads\/2025\/06\/10-1.jpg'><img loading=\"lazy\" decoding=\"async\"  width=\"2048\" height=\"1536\" src=\"https:\/\/bati-al.fr\/wp-content\/uploads\/2025\/06\/10-1.jpg\"  class='colibri-6713-c5-image' alt=\"\" srcset=\"https:\/\/bati-al.fr\/wp-content\/uploads\/2025\/06\/10-1.jpg 2048w, https:\/\/bati-al.fr\/wp-content\/uploads\/2025\/06\/10-1-300x225.jpg 300w, https:\/\/bati-al.fr\/wp-content\/uploads\/2025\/06\/10-1-1024x768.jpg 1024w, https:\/\/bati-al.fr\/wp-content\/uploads\/2025\/06\/10-1-768x576.jpg 768w, https:\/\/bati-al.fr\/wp-content\/uploads\/2025\/06\/10-1-1536x1152.jpg 1536w, https:\/\/bati-al.fr\/wp-content\/uploads\/2025\/06\/10-1-16x12.jpg 16w\" sizes=\"auto, (max-width: 2048px) 100vw, 2048px\" \/><\/a>\n\t\t\t<\/dt><\/dl><dl class='gallery-item masonry-item'>\n\t\t\t<dt class='gallery-icon portrait'>\n\t\t\t\t<a data-fancybox=\"colibri-6713-c5-group\" href='https:\/\/bati-al.fr\/wp-content\/uploads\/2025\/06\/14.jpg'><img loading=\"lazy\" decoding=\"async\"  width=\"1536\" height=\"2048\" src=\"https:\/\/bati-al.fr\/wp-content\/uploads\/2025\/06\/14.jpg\"  class='colibri-6713-c5-image' alt=\"\" srcset=\"https:\/\/bati-al.fr\/wp-content\/uploads\/2025\/06\/14.jpg 1536w, https:\/\/bati-al.fr\/wp-content\/uploads\/2025\/06\/14-225x300.jpg 225w, https:\/\/bati-al.fr\/wp-content\/uploads\/2025\/06\/14-768x1024.jpg 768w, https:\/\/bati-al.fr\/wp-content\/uploads\/2025\/06\/14-1152x1536.jpg 1152w, https:\/\/bati-al.fr\/wp-content\/uploads\/2025\/06\/14-9x12.jpg 9w\" sizes=\"auto, (max-width: 1536px) 100vw, 1536px\" \/><\/a>\n\t\t\t<\/dt><\/dl><dl class='gallery-item masonry-item'>\n\t\t\t<dt class='gallery-icon portrait'>\n\t\t\t\t<a data-fancybox=\"colibri-6713-c5-group\" href='https:\/\/bati-al.fr\/wp-content\/uploads\/2025\/06\/1.jpeg'><img loading=\"lazy\" decoding=\"async\"  width=\"1500\" height=\"2000\" src=\"https:\/\/bati-al.fr\/wp-content\/uploads\/2025\/06\/1.jpeg\"  class='colibri-6713-c5-image' alt=\"\" srcset=\"https:\/\/bati-al.fr\/wp-content\/uploads\/2025\/06\/1.jpeg 1500w, https:\/\/bati-al.fr\/wp-content\/uploads\/2025\/06\/1-225x300.jpeg 225w, https:\/\/bati-al.fr\/wp-content\/uploads\/2025\/06\/1-768x1024.jpeg 768w, https:\/\/bati-al.fr\/wp-content\/uploads\/2025\/06\/1-1152x1536.jpeg 1152w, https:\/\/bati-al.fr\/wp-content\/uploads\/2025\/06\/1-9x12.jpeg 9w\" sizes=\"auto, (max-width: 1500px) 100vw, 1500px\" \/><\/a>\n\t\t\t<\/dt><\/dl><dl class='gallery-item masonry-item'>\n\t\t\t<dt class='gallery-icon landscape'>\n\t\t\t\t<a data-fancybox=\"colibri-6713-c5-group\" href='https:\/\/bati-al.fr\/wp-content\/uploads\/2025\/06\/9.jpg'><img loading=\"lazy\" decoding=\"async\"  width=\"2048\" height=\"1536\" src=\"https:\/\/bati-al.fr\/wp-content\/uploads\/2025\/06\/9.jpg\"  class='colibri-6713-c5-image' alt=\"\" srcset=\"https:\/\/bati-al.fr\/wp-content\/uploads\/2025\/06\/9.jpg 2048w, https:\/\/bati-al.fr\/wp-content\/uploads\/2025\/06\/9-300x225.jpg 300w, https:\/\/bati-al.fr\/wp-content\/uploads\/2025\/06\/9-1024x768.jpg 1024w, https:\/\/bati-al.fr\/wp-content\/uploads\/2025\/06\/9-768x576.jpg 768w, https:\/\/bati-al.fr\/wp-content\/uploads\/2025\/06\/9-1536x1152.jpg 1536w, https:\/\/bati-al.fr\/wp-content\/uploads\/2025\/06\/9-16x12.jpg 16w\" sizes=\"auto, (max-width: 2048px) 100vw, 2048px\" \/><\/a>\n\t\t\t<\/dt><\/dl><dl class='gallery-item masonry-item'>\n\t\t\t<dt class='gallery-icon portrait'>\n\t\t\t\t<a data-fancybox=\"colibri-6713-c5-group\" href='https:\/\/bati-al.fr\/wp-content\/uploads\/2025\/06\/11.jpg'><img loading=\"lazy\" decoding=\"async\"  width=\"1536\" height=\"2048\" src=\"https:\/\/bati-al.fr\/wp-content\/uploads\/2025\/06\/11.jpg\"  class='colibri-6713-c5-image' alt=\"\" srcset=\"https:\/\/bati-al.fr\/wp-content\/uploads\/2025\/06\/11.jpg 1536w, https:\/\/bati-al.fr\/wp-content\/uploads\/2025\/06\/11-225x300.jpg 225w, https:\/\/bati-al.fr\/wp-content\/uploads\/2025\/06\/11-768x1024.jpg 768w, https:\/\/bati-al.fr\/wp-content\/uploads\/2025\/06\/11-1152x1536.jpg 1152w, https:\/\/bati-al.fr\/wp-content\/uploads\/2025\/06\/11-9x12.jpg 9w\" sizes=\"auto, (max-width: 1536px) 100vw, 1536px\" \/><\/a>\n\t\t\t<\/dt><\/dl><dl class='gallery-item masonry-item'>\n\t\t\t<dt class='gallery-icon portrait'>\n\t\t\t\t<a data-fancybox=\"colibri-6713-c5-group\" href='https:\/\/bati-al.fr\/wp-content\/uploads\/2025\/06\/12.jpg'><img loading=\"lazy\" decoding=\"async\"  width=\"1536\" height=\"2048\" src=\"https:\/\/bati-al.fr\/wp-content\/uploads\/2025\/06\/12.jpg\"  class='colibri-6713-c5-image' alt=\"\" srcset=\"https:\/\/bati-al.fr\/wp-content\/uploads\/2025\/06\/12.jpg 1536w, https:\/\/bati-al.fr\/wp-content\/uploads\/2025\/06\/12-225x300.jpg 225w, https:\/\/bati-al.fr\/wp-content\/uploads\/2025\/06\/12-768x1024.jpg 768w, https:\/\/bati-al.fr\/wp-content\/uploads\/2025\/06\/12-1152x1536.jpg 1152w, https:\/\/bati-al.fr\/wp-content\/uploads\/2025\/06\/12-9x12.jpg 9w\" sizes=\"auto, (max-width: 1536px) 100vw, 1536px\" \/><\/a>\n\t\t\t<\/dt><\/dl><dl class='gallery-item masonry-item'>\n\t\t\t<dt class='gallery-icon portrait'>\n\t\t\t\t<a data-fancybox=\"colibri-6713-c5-group\" href='https:\/\/bati-al.fr\/wp-content\/uploads\/2025\/06\/13.jpg'><img loading=\"lazy\" decoding=\"async\"  width=\"1536\" height=\"2048\" src=\"https:\/\/bati-al.fr\/wp-content\/uploads\/2025\/06\/13.jpg\"  class='colibri-6713-c5-image' alt=\"\" srcset=\"https:\/\/bati-al.fr\/wp-content\/uploads\/2025\/06\/13.jpg 1536w, https:\/\/bati-al.fr\/wp-content\/uploads\/2025\/06\/13-225x300.jpg 225w, https:\/\/bati-al.fr\/wp-content\/uploads\/2025\/06\/13-768x1024.jpg 768w, https:\/\/bati-al.fr\/wp-content\/uploads\/2025\/06\/13-1152x1536.jpg 1152w, https:\/\/bati-al.fr\/wp-content\/uploads\/2025\/06\/13-9x12.jpg 9w\" sizes=\"auto, (max-width: 1536px) 100vw, 1536px\" \/><\/a>\n\t\t\t<\/dt><\/dl><dl class='gallery-item masonry-item'>\n\t\t\t<dt class='gallery-icon landscape'>\n\t\t\t\t<a data-fancybox=\"colibri-6713-c5-group\" href='https:\/\/bati-al.fr\/wp-content\/uploads\/2025\/06\/3.jpg'><img loading=\"lazy\" decoding=\"async\"  width=\"915\" height=\"864\" src=\"https:\/\/bati-al.fr\/wp-content\/uploads\/2025\/06\/3.jpg\"  class='colibri-6713-c5-image' alt=\"\" srcset=\"https:\/\/bati-al.fr\/wp-content\/uploads\/2025\/06\/3.jpg 915w, https:\/\/bati-al.fr\/wp-content\/uploads\/2025\/06\/3-300x283.jpg 300w, https:\/\/bati-al.fr\/wp-content\/uploads\/2025\/06\/3-768x725.jpg 768w, https:\/\/bati-al.fr\/wp-content\/uploads\/2025\/06\/3-13x12.jpg 13w\" sizes=\"auto, (max-width: 915px) 100vw, 915px\" \/><\/a>\n\t\t\t<\/dt><\/dl><dl class='gallery-item masonry-item'>\n\t\t\t<dt class='gallery-icon portrait'>\n\t\t\t\t<a data-fancybox=\"colibri-6713-c5-group\" href='https:\/\/bati-al.fr\/wp-content\/uploads\/2025\/06\/4.jpg'><img loading=\"lazy\" decoding=\"async\"  width=\"610\" height=\"798\" src=\"https:\/\/bati-al.fr\/wp-content\/uploads\/2025\/06\/4.jpg\"  class='colibri-6713-c5-image' alt=\"\" srcset=\"https:\/\/bati-al.fr\/wp-content\/uploads\/2025\/06\/4.jpg 610w, https:\/\/bati-al.fr\/wp-content\/uploads\/2025\/06\/4-229x300.jpg 229w, https:\/\/bati-al.fr\/wp-content\/uploads\/2025\/06\/4-9x12.jpg 9w\" sizes=\"auto, (max-width: 610px) 100vw, 610px\" \/><\/a>\n\t\t\t<\/dt><\/dl><dl class='gallery-item masonry-item'>\n\t\t\t<dt class='gallery-icon landscape'>\n\t\t\t\t<a data-fancybox=\"colibri-6713-c5-group\" href='https:\/\/bati-al.fr\/wp-content\/uploads\/2025\/06\/5.jpg'><img loading=\"lazy\" decoding=\"async\"  width=\"792\" height=\"791\" src=\"https:\/\/bati-al.fr\/wp-content\/uploads\/2025\/06\/5.jpg\"  class='colibri-6713-c5-image' alt=\"\" srcset=\"https:\/\/bati-al.fr\/wp-content\/uploads\/2025\/06\/5.jpg 792w, https:\/\/bati-al.fr\/wp-content\/uploads\/2025\/06\/5-300x300.jpg 300w, https:\/\/bati-al.fr\/wp-content\/uploads\/2025\/06\/5-150x150.jpg 150w, https:\/\/bati-al.fr\/wp-content\/uploads\/2025\/06\/5-768x767.jpg 768w, https:\/\/bati-al.fr\/wp-content\/uploads\/2025\/06\/5-12x12.jpg 12w\" sizes=\"auto, (max-width: 792px) 100vw, 792px\" \/><\/a>\n\t\t\t<\/dt><\/dl><dl class='gallery-item masonry-item'>\n\t\t\t<dt class='gallery-icon landscape'>\n\t\t\t\t<a data-fancybox=\"colibri-6713-c5-group\" href='https:\/\/bati-al.fr\/wp-content\/uploads\/2025\/06\/6.jpg'><img loading=\"lazy\" decoding=\"async\"  width=\"2048\" height=\"1152\" src=\"https:\/\/bati-al.fr\/wp-content\/uploads\/2025\/06\/6.jpg\"  class='colibri-6713-c5-image' alt=\"\" srcset=\"https:\/\/bati-al.fr\/wp-content\/uploads\/2025\/06\/6.jpg 2048w, https:\/\/bati-al.fr\/wp-content\/uploads\/2025\/06\/6-300x169.jpg 300w, https:\/\/bati-al.fr\/wp-content\/uploads\/2025\/06\/6-1024x576.jpg 1024w, https:\/\/bati-al.fr\/wp-content\/uploads\/2025\/06\/6-768x432.jpg 768w, https:\/\/bati-al.fr\/wp-content\/uploads\/2025\/06\/6-1536x864.jpg 1536w, https:\/\/bati-al.fr\/wp-content\/uploads\/2025\/06\/6-18x10.jpg 18w\" sizes=\"auto, (max-width: 2048px) 100vw, 2048px\" \/><\/a>\n\t\t\t<\/dt><\/dl><dl class='gallery-item masonry-item'>\n\t\t\t<dt class='gallery-icon landscape'>\n\t\t\t\t<a data-fancybox=\"colibri-6713-c5-group\" href='https:\/\/bati-al.fr\/wp-content\/uploads\/2025\/06\/7.jpg'><img loading=\"lazy\" decoding=\"async\"  width=\"2048\" height=\"1152\" src=\"https:\/\/bati-al.fr\/wp-content\/uploads\/2025\/06\/7.jpg\"  class='colibri-6713-c5-image' alt=\"\" srcset=\"https:\/\/bati-al.fr\/wp-content\/uploads\/2025\/06\/7.jpg 2048w, https:\/\/bati-al.fr\/wp-content\/uploads\/2025\/06\/7-300x169.jpg 300w, https:\/\/bati-al.fr\/wp-content\/uploads\/2025\/06\/7-1024x576.jpg 1024w, https:\/\/bati-al.fr\/wp-content\/uploads\/2025\/06\/7-768x432.jpg 768w, https:\/\/bati-al.fr\/wp-content\/uploads\/2025\/06\/7-1536x864.jpg 1536w, https:\/\/bati-al.fr\/wp-content\/uploads\/2025\/06\/7-18x10.jpg 18w\" sizes=\"auto, (max-width: 2048px) 100vw, 2048px\" \/><\/a>\n\t\t\t<\/dt><\/dl><dl class='gallery-item masonry-item'>\n\t\t\t<dt class='gallery-icon landscape'>\n\t\t\t\t<a data-fancybox=\"colibri-6713-c5-group\" href='https:\/\/bati-al.fr\/wp-content\/uploads\/2025\/06\/8.jpg'><img loading=\"lazy\" decoding=\"async\"  width=\"2000\" height=\"1504\" src=\"https:\/\/bati-al.fr\/wp-content\/uploads\/2025\/06\/8.jpg\"  class='colibri-6713-c5-image' alt=\"\" srcset=\"https:\/\/bati-al.fr\/wp-content\/uploads\/2025\/06\/8.jpg 2000w, https:\/\/bati-al.fr\/wp-content\/uploads\/2025\/06\/8-300x226.jpg 300w, https:\/\/bati-al.fr\/wp-content\/uploads\/2025\/06\/8-1024x770.jpg 1024w, https:\/\/bati-al.fr\/wp-content\/uploads\/2025\/06\/8-768x578.jpg 768w, https:\/\/bati-al.fr\/wp-content\/uploads\/2025\/06\/8-1536x1155.jpg 1536w, https:\/\/bati-al.fr\/wp-content\/uploads\/2025\/06\/8-16x12.jpg 16w\" sizes=\"auto, (max-width: 2000px) 100vw, 2000px\" \/><\/a>\n\t\t\t<\/dt><\/dl>\n\t\t\t\n\t\t<\/div>\n<style>#colibri-6713-c5 .wp-caption-text.gallery-caption{display:none;}<\/style><\/div><\/div>\n                <\/div>\n              <\/div>\n            <\/div>\n          <\/div>\n        <\/div>\n      <\/div>\n    <\/div>\n  <\/div>\n  <div data-colibri-component=\"section\" data-colibri-id=\"6713-c6\" id=\"custom\" class=\"h-section h-section-global-spacing d-flex align-items-lg-center align-items-md-center align-items-center style-3682 style-local-6713-c6 position-relative\">\n    <!---->\n    <!---->\n    <div class=\"h-section-grid-container h-section-boxed-container\">\n      <!---->\n      <div data-colibri-id=\"6713-c7\" class=\"h-row-container gutters-row-lg-2 gutters-row-md-2 gutters-row-0 gutters-row-v-lg-2 gutters-row-v-md-2 gutters-row-v-2 style-3683 style-local-6713-c7 position-relative\">\n        <!---->\n        <div class=\"h-row justify-content-lg-center justify-content-md-center justify-content-center align-items-lg-stretch align-items-md-stretch align-items-stretch gutters-col-lg-2 gutters-col-md-2 gutters-col-0 gutters-col-v-lg-2 gutters-col-v-md-2 gutters-col-v-2\">\n          <!---->\n          <div class=\"h-column h-column-container d-flex h-col-lg-auto h-col-md-auto h-col-auto style-3684-outer style-local-6713-c8-outer\">\n            <div data-colibri-id=\"6713-c8\" class=\"d-flex h-flex-basis h-column__inner h-px-lg-2 h-px-md-2 h-px-2 v-inner-lg-2 v-inner-md-2 v-inner-2 style-3684 style-local-6713-c8 position-relative\">\n              <!---->\n              <!---->\n              <div class=\"w-100 h-y-container h-column__content h-column__v-align flex-basis-100 align-self-lg-start align-self-md-start align-self-start\">\n                <!---->\n                <div data-colibri-id=\"6713-c9\" class=\"h-text h-text-component style-3685 style-local-6713-c9 position-relative h-element\">\n                  <!---->\n                  <!---->\n                  <div class=\"\">\n                    <h4><span style=\"color: rgb(0, 0, 0);\">Progetto Nemours<\/span><\/h4>\n                    <p><strong style=\"color: rgb(0, 0, 0);\">Descrizione<\/strong><span style=\"color: rgb(0, 0, 0);\">: <\/span><span style=\"color: rgb(0, 0, 0);\">Nell'ambito del progetto NEMOURS, realizzato con Colas France B\u00e2timent - Milieu Occup\u00e9, siamo stati coinvolti fin dalle prime fasi tecniche. Dalla convalida delle perforazioni alla prototipazione, fino alla logistica e alla consegna, la nostra esperienza \u00e8 stata pienamente mobilitata. Il progetto \u00e8 andato avanti nonostante le scadenze strette, grazie ai nostri tempi di risposta rapidi. Un progetto su larga scala, realizzato in diverse fasi, con un risultato all'altezza delle aspettative.<\/span><\/p>\n                    <p><strong style=\"color: rgb(0, 0, 0); font-weight: 700;\">Stato del progetto :<\/strong><span style=\"color: rgb(0, 0, 0);\">&nbsp;Finalizzato<\/span><\/p>\n                  <\/div>\n                <\/div>\n              <\/div>\n            <\/div>\n          <\/div>\n        <\/div>\n      <\/div>\n    <\/div>\n  <\/div>\n<\/div>","protected":false},"excerpt":{"rendered":"<p>Projet Nemours Description: Dans le cadre du projet NEMOURS, r\u00e9alis\u00e9 avec Colas France B\u00e2timent \u2013 Milieu Occup\u00e9, nous sommes intervenus d\u00e8s les premi\u00e8res phases techniques. De la validation des perforations au prototypage, jusqu\u2019\u00e0 la logistique et la livraison, notre expertise a \u00e9t\u00e9 pleinement mobilis\u00e9e. Le chantier a avanc\u00e9 malgr\u00e9 des d\u00e9lais courts, gr\u00e2ce \u00e0 une [&hellip;]<\/p>\n","protected":false},"author":1,"featured_media":0,"parent":0,"menu_order":0,"comment_status":"closed","ping_status":"closed","template":"page-templates\/full-width-page.php","meta":{"footnotes":""},"class_list":["post-6713","page","type-page","status-publish","hentry"],"_links":{"self":[{"href":"https:\/\/bati-al.fr\/it\/wp-json\/wp\/v2\/pages\/6713","targetHints":{"allow":["GET"]}}],"collection":[{"href":"https:\/\/bati-al.fr\/it\/wp-json\/wp\/v2\/pages"}],"about":[{"href":"https:\/\/bati-al.fr\/it\/wp-json\/wp\/v2\/types\/page"}],"author":[{"embeddable":true,"href":"https:\/\/bati-al.fr\/it\/wp-json\/wp\/v2\/users\/1"}],"replies":[{"embeddable":true,"href":"https:\/\/bati-al.fr\/it\/wp-json\/wp\/v2\/comments?post=6713"}],"version-history":[{"count":0,"href":"https:\/\/bati-al.fr\/it\/wp-json\/wp\/v2\/pages\/6713\/revisions"}],"wp:attachment":[{"href":"https:\/\/bati-al.fr\/it\/wp-json\/wp\/v2\/media?parent=6713"}],"curies":[{"name":"wp","href":"https:\/\/api.w.org\/{rel}","templated":true}]}}