{"id":6621,"date":"2022-05-10T07:56:06","date_gmt":"2022-05-10T07:56:06","guid":{"rendered":"https:\/\/bati-al.fr\/?page_id=6621"},"modified":"2025-06-05T09:07:58","modified_gmt":"2025-06-05T09:07:58","slug":"valorisation-dun-espace-commercial-par-la-facade","status":"publish","type":"page","link":"https:\/\/bati-al.fr\/ro\/valorisation-dun-espace-commercial-par-la-facade\/","title":{"rendered":"\u00cembun\u0103t\u0103\u021birea aspectului unui spa\u021biu comercial prin intermediul fa\u021badei"},"content":{"rendered":"<div data-colibri-id=\"6621-c1\" class=\"style-3657 style-local-6621-c1 position-relative\">\n  <!---->\n  <div data-colibri-component=\"section\" data-colibri-id=\"6621-c2\" id=\"photo-gallery\" class=\"h-section h-section-global-spacing d-flex align-items-lg-center align-items-md-center align-items-center style-3658 style-local-6621-c2 position-relative\">\n    <!---->\n    <!---->\n    <div class=\"h-section-grid-container h-section-boxed-container\">\n      <!---->\n      <div data-colibri-id=\"6621-c3\" class=\"h-row-container gutters-row-lg-2 gutters-row-md-2 gutters-row-2 gutters-row-v-lg-2 gutters-row-v-md-2 gutters-row-v-2 style-3659 style-local-6621-c3 position-relative\">\n        <!---->\n        <div class=\"h-row justify-content-lg-center justify-content-md-center justify-content-center align-items-lg-stretch align-items-md-stretch align-items-stretch gutters-col-lg-2 gutters-col-md-2 gutters-col-2 gutters-col-v-lg-2 gutters-col-v-md-2 gutters-col-v-2\">\n          <!---->\n          <div class=\"h-column h-column-container d-flex h-col-lg-auto h-col-md-auto h-col-auto style-3660-outer style-local-6621-c4-outer\">\n            <div data-colibri-id=\"6621-c4\" class=\"d-flex h-flex-basis h-column__inner h-px-lg-2 h-px-md-2 h-px-2 v-inner-lg-2 v-inner-md-2 v-inner-2 style-3660 style-local-6621-c4 position-relative\">\n              <!---->\n              <!---->\n              <div class=\"w-100 h-y-container h-column__content h-column__v-align flex-basis-100 align-self-lg-start align-self-md-start align-self-start\">\n                <!---->\n                <div data-colibri-component=\"masonry\" data-colibri-id=\"6621-c5\" class=\"h-photo-gallery margin-none caption-none style-3661 style-local-6621-c5 position-relative h-element\">\n                  <!---->\n                  <div class=\"h-global-transition-all caption-wrapper-full\"><div id='colibri-6621-c5' class='gallery-wrapper'>    <style type=\"text\/css\">\n\n        @media (min-width: 1023px) {        #colibri-6621-c5        dl {\n            float: left;\n            width: 20% !important;\n            max-width: 20% !important;\n            min-width: 20% !important;\n        }\n\n        #colibri-6621-c5        dl:nth-of-type(5n +1 ) {\n            clear: both;\n        }\n\n        }@media (min-width: 768px) and (max-width: 1023px) {        #colibri-6621-c5        dl {\n            float: left;\n            width: 20% !important;\n            max-width: 20% !important;\n            min-width: 20% !important;\n        }\n\n        #colibri-6621-c5        dl:nth-of-type(5n +1 ) {\n            clear: both;\n        }\n\n        }@media (max-width: 767px) {        #colibri-6621-c5        dl {\n            float: left;\n            width: 50% !important;\n            max-width: 50% !important;\n            min-width: 50% !important;\n        }\n\n        #colibri-6621-c5        dl:nth-of-type(2n +1 ) {\n            clear: both;\n        }\n\n        }\n        #colibri-6621-c5        .gallery-item {\n            position: relative;\n        }\n\n        \n    <\/style>\n    <div   class='colibri-6621-c5-dls-wrapper gallery-items-wrapper' ><dl class='gallery-item masonry-item'>\n\t\t\t<dt class='gallery-icon landscape'>\n\t\t\t\t<a data-fancybox=\"colibri-6621-c5-group\" href='https:\/\/bati-al.fr\/wp-content\/uploads\/2025\/06\/1746698791912.jpg'><img loading=\"lazy\" decoding=\"async\"  width=\"2048\" height=\"1536\" src=\"https:\/\/bati-al.fr\/wp-content\/uploads\/2025\/06\/1746698791912.jpg\"  class='colibri-6621-c5-image' alt=\"\" srcset=\"https:\/\/bati-al.fr\/wp-content\/uploads\/2025\/06\/1746698791912.jpg 2048w, https:\/\/bati-al.fr\/wp-content\/uploads\/2025\/06\/1746698791912-300x225.jpg 300w, https:\/\/bati-al.fr\/wp-content\/uploads\/2025\/06\/1746698791912-1024x768.jpg 1024w, https:\/\/bati-al.fr\/wp-content\/uploads\/2025\/06\/1746698791912-768x576.jpg 768w, https:\/\/bati-al.fr\/wp-content\/uploads\/2025\/06\/1746698791912-1536x1152.jpg 1536w, https:\/\/bati-al.fr\/wp-content\/uploads\/2025\/06\/1746698791912-16x12.jpg 16w\" sizes=\"auto, (max-width: 2048px) 100vw, 2048px\" \/><\/a>\n\t\t\t<\/dt><\/dl><dl class='gallery-item masonry-item'>\n\t\t\t<dt class='gallery-icon landscape'>\n\t\t\t\t<a data-fancybox=\"colibri-6621-c5-group\" href='https:\/\/bati-al.fr\/wp-content\/uploads\/2025\/06\/1746698801143.jpg'><img loading=\"lazy\" decoding=\"async\"  width=\"2048\" height=\"1536\" src=\"https:\/\/bati-al.fr\/wp-content\/uploads\/2025\/06\/1746698801143.jpg\"  class='colibri-6621-c5-image' alt=\"\" srcset=\"https:\/\/bati-al.fr\/wp-content\/uploads\/2025\/06\/1746698801143.jpg 2048w, https:\/\/bati-al.fr\/wp-content\/uploads\/2025\/06\/1746698801143-300x225.jpg 300w, https:\/\/bati-al.fr\/wp-content\/uploads\/2025\/06\/1746698801143-1024x768.jpg 1024w, https:\/\/bati-al.fr\/wp-content\/uploads\/2025\/06\/1746698801143-768x576.jpg 768w, https:\/\/bati-al.fr\/wp-content\/uploads\/2025\/06\/1746698801143-1536x1152.jpg 1536w, https:\/\/bati-al.fr\/wp-content\/uploads\/2025\/06\/1746698801143-16x12.jpg 16w\" sizes=\"auto, (max-width: 2048px) 100vw, 2048px\" \/><\/a>\n\t\t\t<\/dt><\/dl><dl class='gallery-item masonry-item'>\n\t\t\t<dt class='gallery-icon landscape'>\n\t\t\t\t<a data-fancybox=\"colibri-6621-c5-group\" href='https:\/\/bati-al.fr\/wp-content\/uploads\/2025\/06\/1746698780770.jpg'><img loading=\"lazy\" decoding=\"async\"  width=\"2048\" height=\"1536\" src=\"https:\/\/bati-al.fr\/wp-content\/uploads\/2025\/06\/1746698780770.jpg\"  class='colibri-6621-c5-image' alt=\"\" srcset=\"https:\/\/bati-al.fr\/wp-content\/uploads\/2025\/06\/1746698780770.jpg 2048w, https:\/\/bati-al.fr\/wp-content\/uploads\/2025\/06\/1746698780770-300x225.jpg 300w, https:\/\/bati-al.fr\/wp-content\/uploads\/2025\/06\/1746698780770-1024x768.jpg 1024w, https:\/\/bati-al.fr\/wp-content\/uploads\/2025\/06\/1746698780770-768x576.jpg 768w, https:\/\/bati-al.fr\/wp-content\/uploads\/2025\/06\/1746698780770-1536x1152.jpg 1536w, https:\/\/bati-al.fr\/wp-content\/uploads\/2025\/06\/1746698780770-16x12.jpg 16w\" sizes=\"auto, (max-width: 2048px) 100vw, 2048px\" \/><\/a>\n\t\t\t<\/dt><\/dl><dl class='gallery-item masonry-item'>\n\t\t\t<dt class='gallery-icon landscape'>\n\t\t\t\t<a data-fancybox=\"colibri-6621-c5-group\" href='https:\/\/bati-al.fr\/wp-content\/uploads\/2025\/06\/1746698800881.jpg'><img loading=\"lazy\" decoding=\"async\"  width=\"2048\" height=\"1536\" src=\"https:\/\/bati-al.fr\/wp-content\/uploads\/2025\/06\/1746698800881.jpg\"  class='colibri-6621-c5-image' alt=\"\" srcset=\"https:\/\/bati-al.fr\/wp-content\/uploads\/2025\/06\/1746698800881.jpg 2048w, https:\/\/bati-al.fr\/wp-content\/uploads\/2025\/06\/1746698800881-300x225.jpg 300w, https:\/\/bati-al.fr\/wp-content\/uploads\/2025\/06\/1746698800881-1024x768.jpg 1024w, https:\/\/bati-al.fr\/wp-content\/uploads\/2025\/06\/1746698800881-768x576.jpg 768w, https:\/\/bati-al.fr\/wp-content\/uploads\/2025\/06\/1746698800881-1536x1152.jpg 1536w, https:\/\/bati-al.fr\/wp-content\/uploads\/2025\/06\/1746698800881-16x12.jpg 16w\" sizes=\"auto, (max-width: 2048px) 100vw, 2048px\" \/><\/a>\n\t\t\t<\/dt><\/dl><dl class='gallery-item masonry-item'>\n\t\t\t<dt class='gallery-icon landscape'>\n\t\t\t\t<a data-fancybox=\"colibri-6621-c5-group\" href='https:\/\/bati-al.fr\/wp-content\/uploads\/2025\/06\/1746698800139-1.jpg'><img loading=\"lazy\" decoding=\"async\"  width=\"2048\" height=\"1536\" src=\"https:\/\/bati-al.fr\/wp-content\/uploads\/2025\/06\/1746698800139-1.jpg\"  class='colibri-6621-c5-image' alt=\"\" srcset=\"https:\/\/bati-al.fr\/wp-content\/uploads\/2025\/06\/1746698800139-1.jpg 2048w, https:\/\/bati-al.fr\/wp-content\/uploads\/2025\/06\/1746698800139-1-300x225.jpg 300w, https:\/\/bati-al.fr\/wp-content\/uploads\/2025\/06\/1746698800139-1-1024x768.jpg 1024w, https:\/\/bati-al.fr\/wp-content\/uploads\/2025\/06\/1746698800139-1-768x576.jpg 768w, https:\/\/bati-al.fr\/wp-content\/uploads\/2025\/06\/1746698800139-1-1536x1152.jpg 1536w, https:\/\/bati-al.fr\/wp-content\/uploads\/2025\/06\/1746698800139-1-16x12.jpg 16w\" sizes=\"auto, (max-width: 2048px) 100vw, 2048px\" \/><\/a>\n\t\t\t<\/dt><\/dl><dl class='gallery-item masonry-item'>\n\t\t\t<dt class='gallery-icon landscape'>\n\t\t\t\t<a data-fancybox=\"colibri-6621-c5-group\" href='https:\/\/bati-al.fr\/wp-content\/uploads\/2025\/06\/1746698800415.jpg'><img loading=\"lazy\" decoding=\"async\"  width=\"2048\" height=\"1536\" src=\"https:\/\/bati-al.fr\/wp-content\/uploads\/2025\/06\/1746698800415.jpg\"  class='colibri-6621-c5-image' alt=\"\" srcset=\"https:\/\/bati-al.fr\/wp-content\/uploads\/2025\/06\/1746698800415.jpg 2048w, https:\/\/bati-al.fr\/wp-content\/uploads\/2025\/06\/1746698800415-300x225.jpg 300w, https:\/\/bati-al.fr\/wp-content\/uploads\/2025\/06\/1746698800415-1024x768.jpg 1024w, https:\/\/bati-al.fr\/wp-content\/uploads\/2025\/06\/1746698800415-768x576.jpg 768w, https:\/\/bati-al.fr\/wp-content\/uploads\/2025\/06\/1746698800415-1536x1152.jpg 1536w, https:\/\/bati-al.fr\/wp-content\/uploads\/2025\/06\/1746698800415-16x12.jpg 16w\" sizes=\"auto, (max-width: 2048px) 100vw, 2048px\" \/><\/a>\n\t\t\t<\/dt><\/dl><dl class='gallery-item masonry-item'>\n\t\t\t<dt class='gallery-icon landscape'>\n\t\t\t\t<a data-fancybox=\"colibri-6621-c5-group\" href='https:\/\/bati-al.fr\/wp-content\/uploads\/2025\/06\/1746698801035.jpg'><img loading=\"lazy\" decoding=\"async\"  width=\"2048\" height=\"1536\" src=\"https:\/\/bati-al.fr\/wp-content\/uploads\/2025\/06\/1746698801035.jpg\"  class='colibri-6621-c5-image' alt=\"\" srcset=\"https:\/\/bati-al.fr\/wp-content\/uploads\/2025\/06\/1746698801035.jpg 2048w, https:\/\/bati-al.fr\/wp-content\/uploads\/2025\/06\/1746698801035-300x225.jpg 300w, https:\/\/bati-al.fr\/wp-content\/uploads\/2025\/06\/1746698801035-1024x768.jpg 1024w, https:\/\/bati-al.fr\/wp-content\/uploads\/2025\/06\/1746698801035-768x576.jpg 768w, https:\/\/bati-al.fr\/wp-content\/uploads\/2025\/06\/1746698801035-1536x1152.jpg 1536w, https:\/\/bati-al.fr\/wp-content\/uploads\/2025\/06\/1746698801035-16x12.jpg 16w\" sizes=\"auto, (max-width: 2048px) 100vw, 2048px\" \/><\/a>\n\t\t\t<\/dt><\/dl><dl class='gallery-item masonry-item'>\n\t\t\t<dt class='gallery-icon landscape'>\n\t\t\t\t<a data-fancybox=\"colibri-6621-c5-group\" href='https:\/\/bati-al.fr\/wp-content\/uploads\/2025\/06\/1746698796562.jpg'><img loading=\"lazy\" decoding=\"async\"  width=\"2048\" height=\"1536\" src=\"https:\/\/bati-al.fr\/wp-content\/uploads\/2025\/06\/1746698796562.jpg\"  class='colibri-6621-c5-image' alt=\"\" srcset=\"https:\/\/bati-al.fr\/wp-content\/uploads\/2025\/06\/1746698796562.jpg 2048w, https:\/\/bati-al.fr\/wp-content\/uploads\/2025\/06\/1746698796562-300x225.jpg 300w, https:\/\/bati-al.fr\/wp-content\/uploads\/2025\/06\/1746698796562-1024x768.jpg 1024w, https:\/\/bati-al.fr\/wp-content\/uploads\/2025\/06\/1746698796562-768x576.jpg 768w, https:\/\/bati-al.fr\/wp-content\/uploads\/2025\/06\/1746698796562-1536x1152.jpg 1536w, https:\/\/bati-al.fr\/wp-content\/uploads\/2025\/06\/1746698796562-16x12.jpg 16w\" sizes=\"auto, (max-width: 2048px) 100vw, 2048px\" \/><\/a>\n\t\t\t<\/dt><\/dl><dl class='gallery-item masonry-item'>\n\t\t\t<dt class='gallery-icon landscape'>\n\t\t\t\t<a data-fancybox=\"colibri-6621-c5-group\" href='https:\/\/bati-al.fr\/wp-content\/uploads\/2025\/06\/1746698802315.jpg'><img loading=\"lazy\" decoding=\"async\"  width=\"2048\" height=\"1536\" src=\"https:\/\/bati-al.fr\/wp-content\/uploads\/2025\/06\/1746698802315.jpg\"  class='colibri-6621-c5-image' alt=\"\" srcset=\"https:\/\/bati-al.fr\/wp-content\/uploads\/2025\/06\/1746698802315.jpg 2048w, https:\/\/bati-al.fr\/wp-content\/uploads\/2025\/06\/1746698802315-300x225.jpg 300w, https:\/\/bati-al.fr\/wp-content\/uploads\/2025\/06\/1746698802315-1024x768.jpg 1024w, https:\/\/bati-al.fr\/wp-content\/uploads\/2025\/06\/1746698802315-768x576.jpg 768w, https:\/\/bati-al.fr\/wp-content\/uploads\/2025\/06\/1746698802315-1536x1152.jpg 1536w, https:\/\/bati-al.fr\/wp-content\/uploads\/2025\/06\/1746698802315-16x12.jpg 16w\" sizes=\"auto, (max-width: 2048px) 100vw, 2048px\" \/><\/a>\n\t\t\t<\/dt><\/dl>\n\t\t\t\n\t\t<\/div>\n<style>#colibri-6621-c5 .wp-caption-text.gallery-caption{display:none;}<\/style><\/div><\/div>\n                <\/div>\n              <\/div>\n            <\/div>\n          <\/div>\n        <\/div>\n      <\/div>\n    <\/div>\n  <\/div>\n  <div data-colibri-component=\"section\" data-colibri-id=\"6621-c6\" id=\"custom\" class=\"h-section h-section-global-spacing d-flex align-items-lg-center align-items-md-center align-items-center style-3662 style-local-6621-c6 position-relative\">\n    <!---->\n    <!---->\n    <div class=\"h-section-grid-container h-section-boxed-container\">\n      <!---->\n      <div data-colibri-id=\"6621-c7\" class=\"h-row-container gutters-row-lg-2 gutters-row-md-2 gutters-row-0 gutters-row-v-lg-2 gutters-row-v-md-2 gutters-row-v-2 style-3663 style-local-6621-c7 position-relative\">\n        <!---->\n        <div class=\"h-row justify-content-lg-center justify-content-md-center justify-content-center align-items-lg-stretch align-items-md-stretch align-items-stretch gutters-col-lg-2 gutters-col-md-2 gutters-col-0 gutters-col-v-lg-2 gutters-col-v-md-2 gutters-col-v-2\">\n          <!---->\n          <div class=\"h-column h-column-container d-flex h-col-lg-auto h-col-md-auto h-col-auto style-3664-outer style-local-6621-c8-outer\">\n            <div data-colibri-id=\"6621-c8\" class=\"d-flex h-flex-basis h-column__inner h-px-lg-2 h-px-md-2 h-px-2 v-inner-lg-2 v-inner-md-2 v-inner-2 style-3664 style-local-6621-c8 position-relative\">\n              <!---->\n              <!---->\n              <div class=\"w-100 h-y-container h-column__content h-column__v-align flex-basis-100 align-self-lg-start align-self-md-start align-self-start\">\n                <!---->\n                <div data-colibri-id=\"6621-c9\" class=\"h-text h-text-component style-3665 style-local-6621-c9 position-relative h-element\">\n                  <!---->\n                  <!---->\n                  <div class=\"\">\n                    <h4><span style=\"color: rgb(0, 0, 0);\">\u00cembun\u0103t\u0103\u021birea aspectului unui spa\u021biu comercial prin intermediul fa\u021badei<\/span><\/h4>\n                    <p><strong style=\"color: rgb(0, 0, 0);\">Descriere<\/strong><span style=\"color: rgb(0, 0, 0);\">: <\/span><span style=\"color: rgb(0, 0, 0);\">\u00cen cadrul acestui proiect de modernizare a spa\u021biului comercial, am reproiectat complet fa\u021bada \u0219i t\u00e2mpl\u0103ria pentru a spori luminozitatea, securitatea \u0219i estetica. Lucr\u0103rile au inclus m\u0103rirea vitrajului, instalarea de grile de ventila\u021bie, obloane metalice microperforate \u0219i o placare metalic\u0103 complet\u0103. Un proiect mic, dar cu un impact vizual \u0219i func\u021bional remarcabil.<\/span><\/p>\n                    <p><strong style=\"font-weight: 700; color: rgb(0, 0, 0);\">Status proiect :<\/strong><span style=\"color: rgb(0, 0, 0);\">&nbsp;Finalizat<\/span><\/p>\n                  <\/div>\n                <\/div>\n              <\/div>\n            <\/div>\n          <\/div>\n        <\/div>\n      <\/div>\n    <\/div>\n  <\/div>\n<\/div>","protected":false},"excerpt":{"rendered":"<p>Valorisation d\u2019un espace commercial par la fa\u00e7ade Description: Dans ce projet de modernisation d\u2019un espace commercial, nous avons repens\u00e9 enti\u00e8rement la fa\u00e7ade et la menuiserie pour renforcer la luminosit\u00e9, la s\u00e9curit\u00e9 et l\u2019esth\u00e9tique. Les travaux ont inclus l\u2019agrandissement des vitrages, l\u2019installation de grilles de ventilation, de rideaux m\u00e9talliques microperfor\u00e9s et un habillage complet en m\u00e9tal. [&hellip;]<\/p>\n","protected":false},"author":1,"featured_media":0,"parent":0,"menu_order":0,"comment_status":"closed","ping_status":"closed","template":"page-templates\/full-width-page.php","meta":{"footnotes":""},"class_list":["post-6621","page","type-page","status-publish","hentry"],"_links":{"self":[{"href":"https:\/\/bati-al.fr\/ro\/wp-json\/wp\/v2\/pages\/6621","targetHints":{"allow":["GET"]}}],"collection":[{"href":"https:\/\/bati-al.fr\/ro\/wp-json\/wp\/v2\/pages"}],"about":[{"href":"https:\/\/bati-al.fr\/ro\/wp-json\/wp\/v2\/types\/page"}],"author":[{"embeddable":true,"href":"https:\/\/bati-al.fr\/ro\/wp-json\/wp\/v2\/users\/1"}],"replies":[{"embeddable":true,"href":"https:\/\/bati-al.fr\/ro\/wp-json\/wp\/v2\/comments?post=6621"}],"version-history":[{"count":0,"href":"https:\/\/bati-al.fr\/ro\/wp-json\/wp\/v2\/pages\/6621\/revisions"}],"wp:attachment":[{"href":"https:\/\/bati-al.fr\/ro\/wp-json\/wp\/v2\/media?parent=6621"}],"curies":[{"name":"wp","href":"https:\/\/api.w.org\/{rel}","templated":true}]}}